{"id":13837,"date":"2022-09-10T19:06:46","date_gmt":"2022-09-10T16:06:46","guid":{"rendered":"https:\/\/armet.lv\/product\/loksne-24\/"},"modified":"2022-09-24T14:31:27","modified_gmt":"2022-09-24T11:31:27","slug":"loksne-24","status":"publish","type":"product","link":"https:\/\/armet.lv\/en\/product\/loksne-24\/","title":{"rendered":"Metal sheet"},"content":{"rendered":"","protected":false},"excerpt":{"rendered":"","protected":false},"featured_media":13809,"comment_status":"closed","ping_status":"closed","template":"","meta":[],"product_brand":[],"product_cat":[81],"product_tag":[],"class_list":{"0":"post-13837","1":"product","2":"type-product","3":"status-publish","4":"has-post-thumbnail","6":"product_cat-loksne","8":"first","9":"instock","10":"shipping-taxable","11":"purchasable","12":"product-type-simple"},"yoast_head":"<!-- This site is optimized with the Yoast SEO plugin v27.0 - https:\/\/yoast.com\/product\/yoast-seo-wordpress\/ -->\n<title>Met\u0101la loksne 14x2000x6000mm - Armet<\/title>\n<meta name=\"description\" content=\"Pieejama liela auksti un karsti velm\u0113tu da\u017e\u0101du platumu un piegriezumu met\u0101la loksne 14x2000x6000mm. Ir iesp\u0113jams ieg\u0101d\u0101ties ari nepilnas loksnes\" \/>\n<meta name=\"robots\" content=\"index, follow, max-snippet:-1, max-image-preview:large, max-video-preview:-1\" \/>\n<link rel=\"canonical\" href=\"https:\/\/armet.lv\/en\/product\/loksne-24\/\" \/>\n<meta property=\"og:locale\" content=\"en_GB\" \/>\n<meta property=\"og:type\" content=\"article\" \/>\n<meta property=\"og:title\" content=\"Met\u0101la loksne 14x2000x6000mm - Armet\" \/>\n<meta property=\"og:description\" content=\"Pieejama liela auksti un karsti velm\u0113tu da\u017e\u0101du platumu un piegriezumu met\u0101la loksne 14x2000x6000mm. Ir iesp\u0113jams ieg\u0101d\u0101ties ari nepilnas loksnes\" \/>\n<meta property=\"og:url\" content=\"https:\/\/armet.lv\/en\/product\/loksne-24\/\" \/>\n<meta property=\"og:site_name\" content=\"Armet\" \/>\n<meta property=\"article:modified_time\" content=\"2022-09-24T11:31:27+00:00\" \/>\n<meta property=\"og:image\" content=\"https:\/\/armet.lv\/wp-content\/uploads\/2022\/09\/list.jpg\" \/>\n\t<meta property=\"og:image:width\" content=\"828\" \/>\n\t<meta property=\"og:image:height\" content=\"828\" \/>\n\t<meta property=\"og:image:type\" content=\"image\/jpeg\" \/>\n<meta name=\"twitter:card\" content=\"summary_large_image\" \/>\n<script type=\"application\/ld+json\" class=\"yoast-schema-graph\">{\"@context\":\"https:\/\/schema.org\",\"@graph\":[{\"@type\":\"WebPage\",\"@id\":\"https:\/\/armet.lv\/product\/loksne-24\/\",\"url\":\"https:\/\/armet.lv\/product\/loksne-24\/\",\"name\":\"Met\u0101la loksne 14x2000x6000mm - Armet\",\"isPartOf\":{\"@id\":\"https:\/\/armet.lv\/en\/#website\"},\"primaryImageOfPage\":{\"@id\":\"https:\/\/armet.lv\/product\/loksne-24\/#primaryimage\"},\"image\":{\"@id\":\"https:\/\/armet.lv\/product\/loksne-24\/#primaryimage\"},\"thumbnailUrl\":\"https:\/\/armet.lv\/wp-content\/uploads\/2022\/09\/list.jpg\",\"datePublished\":\"2022-09-10T16:06:46+00:00\",\"dateModified\":\"2022-09-24T11:31:27+00:00\",\"description\":\"Pieejama liela auksti un karsti velm\u0113tu da\u017e\u0101du platumu un piegriezumu met\u0101la loksne 14x2000x6000mm. Ir iesp\u0113jams ieg\u0101d\u0101ties ari nepilnas loksnes\",\"breadcrumb\":{\"@id\":\"https:\/\/armet.lv\/product\/loksne-24\/#breadcrumb\"},\"inLanguage\":\"en-GB\",\"potentialAction\":[{\"@type\":\"ReadAction\",\"target\":[\"https:\/\/armet.lv\/product\/loksne-24\/\"]}]},{\"@type\":\"ImageObject\",\"inLanguage\":\"en-GB\",\"@id\":\"https:\/\/armet.lv\/product\/loksne-24\/#primaryimage\",\"url\":\"https:\/\/armet.lv\/wp-content\/uploads\/2022\/09\/list.jpg\",\"contentUrl\":\"https:\/\/armet.lv\/wp-content\/uploads\/2022\/09\/list.jpg\",\"width\":828,\"height\":828,\"caption\":\"Met\u0101la loksne\"},{\"@type\":\"BreadcrumbList\",\"@id\":\"https:\/\/armet.lv\/product\/loksne-24\/#breadcrumb\",\"itemListElement\":[{\"@type\":\"ListItem\",\"position\":1,\"name\":\"Home\",\"item\":\"https:\/\/armet.lv\/\"},{\"@type\":\"ListItem\",\"position\":2,\"name\":\"Katalogs\",\"item\":\"https:\/\/armet.lv\/katalogs\/\"},{\"@type\":\"ListItem\",\"position\":3,\"name\":\"Met\u0101la loksne\"}]},{\"@type\":\"WebSite\",\"@id\":\"https:\/\/armet.lv\/en\/#website\",\"url\":\"https:\/\/armet.lv\/en\/\",\"name\":\"Armet\",\"description\":\"\",\"publisher\":{\"@id\":\"https:\/\/armet.lv\/en\/#organization\"},\"potentialAction\":[{\"@type\":\"SearchAction\",\"target\":{\"@type\":\"EntryPoint\",\"urlTemplate\":\"https:\/\/armet.lv\/en\/?s={search_term_string}\"},\"query-input\":{\"@type\":\"PropertyValueSpecification\",\"valueRequired\":true,\"valueName\":\"search_term_string\"}}],\"inLanguage\":\"en-GB\"},{\"@type\":\"Organization\",\"@id\":\"https:\/\/armet.lv\/en\/#organization\",\"name\":\"Armet\",\"url\":\"https:\/\/armet.lv\/en\/\",\"logo\":{\"@type\":\"ImageObject\",\"inLanguage\":\"en-GB\",\"@id\":\"https:\/\/armet.lv\/en\/#\/schema\/logo\/image\/\",\"url\":\"https:\/\/armet.lv\/wp-content\/uploads\/2025\/02\/Asset-2.svg\",\"contentUrl\":\"https:\/\/armet.lv\/wp-content\/uploads\/2025\/02\/Asset-2.svg\",\"width\":552,\"height\":268,\"caption\":\"Armet\"},\"image\":{\"@id\":\"https:\/\/armet.lv\/en\/#\/schema\/logo\/image\/\"}}]}<\/script>\n<!-- \/ Yoast SEO plugin. -->","yoast_head_json":{"title":"Met\u0101la loksne 14x2000x6000mm - Armet","description":"Pieejama liela auksti un karsti velm\u0113tu da\u017e\u0101du platumu un piegriezumu met\u0101la loksne 14x2000x6000mm. Ir iesp\u0113jams ieg\u0101d\u0101ties ari nepilnas loksnes","robots":{"index":"index","follow":"follow","max-snippet":"max-snippet:-1","max-image-preview":"max-image-preview:large","max-video-preview":"max-video-preview:-1"},"canonical":"https:\/\/armet.lv\/en\/product\/loksne-24\/","og_locale":"en_GB","og_type":"article","og_title":"Met\u0101la loksne 14x2000x6000mm - Armet","og_description":"Pieejama liela auksti un karsti velm\u0113tu da\u017e\u0101du platumu un piegriezumu met\u0101la loksne 14x2000x6000mm. Ir iesp\u0113jams ieg\u0101d\u0101ties ari nepilnas loksnes","og_url":"https:\/\/armet.lv\/en\/product\/loksne-24\/","og_site_name":"Armet","article_modified_time":"2022-09-24T11:31:27+00:00","og_image":[{"width":828,"height":828,"url":"https:\/\/armet.lv\/wp-content\/uploads\/2022\/09\/list.jpg","type":"image\/jpeg"}],"twitter_card":"summary_large_image","schema":{"@context":"https:\/\/schema.org","@graph":[{"@type":"WebPage","@id":"https:\/\/armet.lv\/product\/loksne-24\/","url":"https:\/\/armet.lv\/product\/loksne-24\/","name":"Met\u0101la loksne 14x2000x6000mm - Armet","isPartOf":{"@id":"https:\/\/armet.lv\/en\/#website"},"primaryImageOfPage":{"@id":"https:\/\/armet.lv\/product\/loksne-24\/#primaryimage"},"image":{"@id":"https:\/\/armet.lv\/product\/loksne-24\/#primaryimage"},"thumbnailUrl":"https:\/\/armet.lv\/wp-content\/uploads\/2022\/09\/list.jpg","datePublished":"2022-09-10T16:06:46+00:00","dateModified":"2022-09-24T11:31:27+00:00","description":"Pieejama liela auksti un karsti velm\u0113tu da\u017e\u0101du platumu un piegriezumu met\u0101la loksne 14x2000x6000mm. Ir iesp\u0113jams ieg\u0101d\u0101ties ari nepilnas loksnes","breadcrumb":{"@id":"https:\/\/armet.lv\/product\/loksne-24\/#breadcrumb"},"inLanguage":"en-GB","potentialAction":[{"@type":"ReadAction","target":["https:\/\/armet.lv\/product\/loksne-24\/"]}]},{"@type":"ImageObject","inLanguage":"en-GB","@id":"https:\/\/armet.lv\/product\/loksne-24\/#primaryimage","url":"https:\/\/armet.lv\/wp-content\/uploads\/2022\/09\/list.jpg","contentUrl":"https:\/\/armet.lv\/wp-content\/uploads\/2022\/09\/list.jpg","width":828,"height":828,"caption":"Met\u0101la loksne"},{"@type":"BreadcrumbList","@id":"https:\/\/armet.lv\/product\/loksne-24\/#breadcrumb","itemListElement":[{"@type":"ListItem","position":1,"name":"Home","item":"https:\/\/armet.lv\/"},{"@type":"ListItem","position":2,"name":"Katalogs","item":"https:\/\/armet.lv\/katalogs\/"},{"@type":"ListItem","position":3,"name":"Met\u0101la loksne"}]},{"@type":"WebSite","@id":"https:\/\/armet.lv\/en\/#website","url":"https:\/\/armet.lv\/en\/","name":"Armet","description":"","publisher":{"@id":"https:\/\/armet.lv\/en\/#organization"},"potentialAction":[{"@type":"SearchAction","target":{"@type":"EntryPoint","urlTemplate":"https:\/\/armet.lv\/en\/?s={search_term_string}"},"query-input":{"@type":"PropertyValueSpecification","valueRequired":true,"valueName":"search_term_string"}}],"inLanguage":"en-GB"},{"@type":"Organization","@id":"https:\/\/armet.lv\/en\/#organization","name":"Armet","url":"https:\/\/armet.lv\/en\/","logo":{"@type":"ImageObject","inLanguage":"en-GB","@id":"https:\/\/armet.lv\/en\/#\/schema\/logo\/image\/","url":"https:\/\/armet.lv\/wp-content\/uploads\/2025\/02\/Asset-2.svg","contentUrl":"https:\/\/armet.lv\/wp-content\/uploads\/2025\/02\/Asset-2.svg","width":552,"height":268,"caption":"Armet"},"image":{"@id":"https:\/\/armet.lv\/en\/#\/schema\/logo\/image\/"}}]}},"_links":{"self":[{"href":"https:\/\/armet.lv\/en\/wp-json\/wp\/v2\/product\/13837","targetHints":{"allow":["GET"]}}],"collection":[{"href":"https:\/\/armet.lv\/en\/wp-json\/wp\/v2\/product"}],"about":[{"href":"https:\/\/armet.lv\/en\/wp-json\/wp\/v2\/types\/product"}],"replies":[{"embeddable":true,"href":"https:\/\/armet.lv\/en\/wp-json\/wp\/v2\/comments?post=13837"}],"version-history":[{"count":1,"href":"https:\/\/armet.lv\/en\/wp-json\/wp\/v2\/product\/13837\/revisions"}],"predecessor-version":[{"id":14564,"href":"https:\/\/armet.lv\/en\/wp-json\/wp\/v2\/product\/13837\/revisions\/14564"}],"wp:featuredmedia":[{"embeddable":true,"href":"https:\/\/armet.lv\/en\/wp-json\/wp\/v2\/media\/13809"}],"wp:attachment":[{"href":"https:\/\/armet.lv\/en\/wp-json\/wp\/v2\/media?parent=13837"}],"wp:term":[{"taxonomy":"product_brand","embeddable":true,"href":"https:\/\/armet.lv\/en\/wp-json\/wp\/v2\/product_brand?post=13837"},{"taxonomy":"product_cat","embeddable":true,"href":"https:\/\/armet.lv\/en\/wp-json\/wp\/v2\/product_cat?post=13837"},{"taxonomy":"product_tag","embeddable":true,"href":"https:\/\/armet.lv\/en\/wp-json\/wp\/v2\/product_tag?post=13837"}],"curies":[{"name":"wp","href":"https:\/\/api.w.org\/{rel}","templated":true}]}}