{"id":13336,"date":"2022-06-14T12:40:29","date_gmt":"2022-06-14T09:40:29","guid":{"rendered":"https:\/\/armet.lv\/product\/taisnsturveida-caurules-125\/"},"modified":"2022-09-20T11:51:23","modified_gmt":"2022-09-20T08:51:23","slug":"taisnsturveida-caurules-125","status":"publish","type":"product","link":"https:\/\/armet.lv\/en\/product\/taisnsturveida-caurules-125\/","title":{"rendered":"Rectangular pipes"},"content":{"rendered":"","protected":false},"excerpt":{"rendered":"","protected":false},"featured_media":11069,"comment_status":"open","ping_status":"closed","template":"","meta":[],"product_brand":[],"product_cat":[73],"product_tag":[],"class_list":{"0":"post-13336","1":"product","2":"type-product","3":"status-publish","4":"has-post-thumbnail","6":"product_cat-taisnsturveida-caurules","8":"first","9":"instock","10":"shipping-taxable","11":"purchasable","12":"product-type-simple"},"yoast_head":"<!-- This site is optimized with the Yoast SEO plugin v27.0 - https:\/\/yoast.com\/product\/yoast-seo-wordpress\/ -->\n<title>Taisnst\u016bra caurule 400x200x10mm - Armet<\/title>\n<meta name=\"description\" content=\"Uz\u0146\u0113muma SIA Armet Baltic katalog\u0101 tiek pied\u0101v\u0101tas da\u017e\u0101du izm\u0113ru taisnst\u016bra caurule 400x200x10mm, kuras varat pas\u016bt\u012bt neierobe\u017eot\u0101 apjom\u0101.\" \/>\n<meta name=\"robots\" content=\"index, follow, max-snippet:-1, max-image-preview:large, max-video-preview:-1\" \/>\n<link rel=\"canonical\" href=\"https:\/\/armet.lv\/en\/product\/taisnsturveida-caurules-125\/\" \/>\n<meta property=\"og:locale\" content=\"en_GB\" \/>\n<meta property=\"og:type\" content=\"article\" \/>\n<meta property=\"og:title\" content=\"Taisnst\u016bra caurule 400x200x10mm - Armet\" \/>\n<meta property=\"og:description\" content=\"Uz\u0146\u0113muma SIA Armet Baltic katalog\u0101 tiek pied\u0101v\u0101tas da\u017e\u0101du izm\u0113ru taisnst\u016bra caurule 400x200x10mm, kuras varat pas\u016bt\u012bt neierobe\u017eot\u0101 apjom\u0101.\" \/>\n<meta property=\"og:url\" content=\"https:\/\/armet.lv\/en\/product\/taisnsturveida-caurules-125\/\" \/>\n<meta property=\"og:site_name\" content=\"Armet\" \/>\n<meta property=\"article:modified_time\" content=\"2022-09-20T08:51:23+00:00\" \/>\n<meta property=\"og:image\" content=\"https:\/\/armet.lv\/wp-content\/uploads\/2022\/05\/catalog-img.png\" \/>\n\t<meta property=\"og:image:width\" content=\"230\" \/>\n\t<meta property=\"og:image:height\" content=\"220\" \/>\n\t<meta property=\"og:image:type\" content=\"image\/png\" \/>\n<meta name=\"twitter:card\" content=\"summary_large_image\" \/>\n<script type=\"application\/ld+json\" class=\"yoast-schema-graph\">{\"@context\":\"https:\/\/schema.org\",\"@graph\":[{\"@type\":\"WebPage\",\"@id\":\"https:\/\/armet.lv\/product\/taisnsturveida-caurules-125\/\",\"url\":\"https:\/\/armet.lv\/product\/taisnsturveida-caurules-125\/\",\"name\":\"Taisnst\u016bra caurule 400x200x10mm - Armet\",\"isPartOf\":{\"@id\":\"https:\/\/armet.lv\/en\/#website\"},\"primaryImageOfPage\":{\"@id\":\"https:\/\/armet.lv\/product\/taisnsturveida-caurules-125\/#primaryimage\"},\"image\":{\"@id\":\"https:\/\/armet.lv\/product\/taisnsturveida-caurules-125\/#primaryimage\"},\"thumbnailUrl\":\"https:\/\/armet.lv\/wp-content\/uploads\/2022\/05\/catalog-img.png\",\"datePublished\":\"2022-06-14T09:40:29+00:00\",\"dateModified\":\"2022-09-20T08:51:23+00:00\",\"description\":\"Uz\u0146\u0113muma SIA Armet Baltic katalog\u0101 tiek pied\u0101v\u0101tas da\u017e\u0101du izm\u0113ru taisnst\u016bra caurule 400x200x10mm, kuras varat pas\u016bt\u012bt neierobe\u017eot\u0101 apjom\u0101.\",\"breadcrumb\":{\"@id\":\"https:\/\/armet.lv\/product\/taisnsturveida-caurules-125\/#breadcrumb\"},\"inLanguage\":\"en-GB\",\"potentialAction\":[{\"@type\":\"ReadAction\",\"target\":[\"https:\/\/armet.lv\/product\/taisnsturveida-caurules-125\/\"]}]},{\"@type\":\"ImageObject\",\"inLanguage\":\"en-GB\",\"@id\":\"https:\/\/armet.lv\/product\/taisnsturveida-caurules-125\/#primaryimage\",\"url\":\"https:\/\/armet.lv\/wp-content\/uploads\/2022\/05\/catalog-img.png\",\"contentUrl\":\"https:\/\/armet.lv\/wp-content\/uploads\/2022\/05\/catalog-img.png\",\"width\":230,\"height\":220,\"caption\":\"Taisnst\u016bra caurules\"},{\"@type\":\"BreadcrumbList\",\"@id\":\"https:\/\/armet.lv\/product\/taisnsturveida-caurules-125\/#breadcrumb\",\"itemListElement\":[{\"@type\":\"ListItem\",\"position\":1,\"name\":\"Home\",\"item\":\"https:\/\/armet.lv\/\"},{\"@type\":\"ListItem\",\"position\":2,\"name\":\"Katalogs\",\"item\":\"https:\/\/armet.lv\/katalogs\/\"},{\"@type\":\"ListItem\",\"position\":3,\"name\":\"Taisnst\u016bra caurules\"}]},{\"@type\":\"WebSite\",\"@id\":\"https:\/\/armet.lv\/en\/#website\",\"url\":\"https:\/\/armet.lv\/en\/\",\"name\":\"Armet\",\"description\":\"\",\"publisher\":{\"@id\":\"https:\/\/armet.lv\/en\/#organization\"},\"potentialAction\":[{\"@type\":\"SearchAction\",\"target\":{\"@type\":\"EntryPoint\",\"urlTemplate\":\"https:\/\/armet.lv\/en\/?s={search_term_string}\"},\"query-input\":{\"@type\":\"PropertyValueSpecification\",\"valueRequired\":true,\"valueName\":\"search_term_string\"}}],\"inLanguage\":\"en-GB\"},{\"@type\":\"Organization\",\"@id\":\"https:\/\/armet.lv\/en\/#organization\",\"name\":\"Armet\",\"url\":\"https:\/\/armet.lv\/en\/\",\"logo\":{\"@type\":\"ImageObject\",\"inLanguage\":\"en-GB\",\"@id\":\"https:\/\/armet.lv\/en\/#\/schema\/logo\/image\/\",\"url\":\"https:\/\/armet.lv\/wp-content\/uploads\/2025\/02\/Asset-2.svg\",\"contentUrl\":\"https:\/\/armet.lv\/wp-content\/uploads\/2025\/02\/Asset-2.svg\",\"width\":552,\"height\":268,\"caption\":\"Armet\"},\"image\":{\"@id\":\"https:\/\/armet.lv\/en\/#\/schema\/logo\/image\/\"}}]}<\/script>\n<!-- \/ Yoast SEO plugin. -->","yoast_head_json":{"title":"Taisnst\u016bra caurule 400x200x10mm - Armet","description":"Uz\u0146\u0113muma SIA Armet Baltic katalog\u0101 tiek pied\u0101v\u0101tas da\u017e\u0101du izm\u0113ru taisnst\u016bra caurule 400x200x10mm, kuras varat pas\u016bt\u012bt neierobe\u017eot\u0101 apjom\u0101.","robots":{"index":"index","follow":"follow","max-snippet":"max-snippet:-1","max-image-preview":"max-image-preview:large","max-video-preview":"max-video-preview:-1"},"canonical":"https:\/\/armet.lv\/en\/product\/taisnsturveida-caurules-125\/","og_locale":"en_GB","og_type":"article","og_title":"Taisnst\u016bra caurule 400x200x10mm - Armet","og_description":"Uz\u0146\u0113muma SIA Armet Baltic katalog\u0101 tiek pied\u0101v\u0101tas da\u017e\u0101du izm\u0113ru taisnst\u016bra caurule 400x200x10mm, kuras varat pas\u016bt\u012bt neierobe\u017eot\u0101 apjom\u0101.","og_url":"https:\/\/armet.lv\/en\/product\/taisnsturveida-caurules-125\/","og_site_name":"Armet","article_modified_time":"2022-09-20T08:51:23+00:00","og_image":[{"width":230,"height":220,"url":"https:\/\/armet.lv\/wp-content\/uploads\/2022\/05\/catalog-img.png","type":"image\/png"}],"twitter_card":"summary_large_image","schema":{"@context":"https:\/\/schema.org","@graph":[{"@type":"WebPage","@id":"https:\/\/armet.lv\/product\/taisnsturveida-caurules-125\/","url":"https:\/\/armet.lv\/product\/taisnsturveida-caurules-125\/","name":"Taisnst\u016bra caurule 400x200x10mm - Armet","isPartOf":{"@id":"https:\/\/armet.lv\/en\/#website"},"primaryImageOfPage":{"@id":"https:\/\/armet.lv\/product\/taisnsturveida-caurules-125\/#primaryimage"},"image":{"@id":"https:\/\/armet.lv\/product\/taisnsturveida-caurules-125\/#primaryimage"},"thumbnailUrl":"https:\/\/armet.lv\/wp-content\/uploads\/2022\/05\/catalog-img.png","datePublished":"2022-06-14T09:40:29+00:00","dateModified":"2022-09-20T08:51:23+00:00","description":"Uz\u0146\u0113muma SIA Armet Baltic katalog\u0101 tiek pied\u0101v\u0101tas da\u017e\u0101du izm\u0113ru taisnst\u016bra caurule 400x200x10mm, kuras varat pas\u016bt\u012bt neierobe\u017eot\u0101 apjom\u0101.","breadcrumb":{"@id":"https:\/\/armet.lv\/product\/taisnsturveida-caurules-125\/#breadcrumb"},"inLanguage":"en-GB","potentialAction":[{"@type":"ReadAction","target":["https:\/\/armet.lv\/product\/taisnsturveida-caurules-125\/"]}]},{"@type":"ImageObject","inLanguage":"en-GB","@id":"https:\/\/armet.lv\/product\/taisnsturveida-caurules-125\/#primaryimage","url":"https:\/\/armet.lv\/wp-content\/uploads\/2022\/05\/catalog-img.png","contentUrl":"https:\/\/armet.lv\/wp-content\/uploads\/2022\/05\/catalog-img.png","width":230,"height":220,"caption":"Taisnst\u016bra caurules"},{"@type":"BreadcrumbList","@id":"https:\/\/armet.lv\/product\/taisnsturveida-caurules-125\/#breadcrumb","itemListElement":[{"@type":"ListItem","position":1,"name":"Home","item":"https:\/\/armet.lv\/"},{"@type":"ListItem","position":2,"name":"Katalogs","item":"https:\/\/armet.lv\/katalogs\/"},{"@type":"ListItem","position":3,"name":"Taisnst\u016bra caurules"}]},{"@type":"WebSite","@id":"https:\/\/armet.lv\/en\/#website","url":"https:\/\/armet.lv\/en\/","name":"Armet","description":"","publisher":{"@id":"https:\/\/armet.lv\/en\/#organization"},"potentialAction":[{"@type":"SearchAction","target":{"@type":"EntryPoint","urlTemplate":"https:\/\/armet.lv\/en\/?s={search_term_string}"},"query-input":{"@type":"PropertyValueSpecification","valueRequired":true,"valueName":"search_term_string"}}],"inLanguage":"en-GB"},{"@type":"Organization","@id":"https:\/\/armet.lv\/en\/#organization","name":"Armet","url":"https:\/\/armet.lv\/en\/","logo":{"@type":"ImageObject","inLanguage":"en-GB","@id":"https:\/\/armet.lv\/en\/#\/schema\/logo\/image\/","url":"https:\/\/armet.lv\/wp-content\/uploads\/2025\/02\/Asset-2.svg","contentUrl":"https:\/\/armet.lv\/wp-content\/uploads\/2025\/02\/Asset-2.svg","width":552,"height":268,"caption":"Armet"},"image":{"@id":"https:\/\/armet.lv\/en\/#\/schema\/logo\/image\/"}}]}},"_links":{"self":[{"href":"https:\/\/armet.lv\/en\/wp-json\/wp\/v2\/product\/13336","targetHints":{"allow":["GET"]}}],"collection":[{"href":"https:\/\/armet.lv\/en\/wp-json\/wp\/v2\/product"}],"about":[{"href":"https:\/\/armet.lv\/en\/wp-json\/wp\/v2\/types\/product"}],"replies":[{"embeddable":true,"href":"https:\/\/armet.lv\/en\/wp-json\/wp\/v2\/comments?post=13336"}],"version-history":[{"count":1,"href":"https:\/\/armet.lv\/en\/wp-json\/wp\/v2\/product\/13336\/revisions"}],"predecessor-version":[{"id":14025,"href":"https:\/\/armet.lv\/en\/wp-json\/wp\/v2\/product\/13336\/revisions\/14025"}],"wp:featuredmedia":[{"embeddable":true,"href":"https:\/\/armet.lv\/en\/wp-json\/wp\/v2\/media\/11069"}],"wp:attachment":[{"href":"https:\/\/armet.lv\/en\/wp-json\/wp\/v2\/media?parent=13336"}],"wp:term":[{"taxonomy":"product_brand","embeddable":true,"href":"https:\/\/armet.lv\/en\/wp-json\/wp\/v2\/product_brand?post=13336"},{"taxonomy":"product_cat","embeddable":true,"href":"https:\/\/armet.lv\/en\/wp-json\/wp\/v2\/product_cat?post=13336"},{"taxonomy":"product_tag","embeddable":true,"href":"https:\/\/armet.lv\/en\/wp-json\/wp\/v2\/product_tag?post=13336"}],"curies":[{"name":"wp","href":"https:\/\/api.w.org\/{rel}","templated":true}]}}