{"id":10734,"date":"2022-05-19T14:44:59","date_gmt":"2022-05-19T11:44:59","guid":{"rendered":"https:\/\/armet.lv\/product\/plakandzelzs-141\/"},"modified":"2022-09-30T13:59:58","modified_gmt":"2022-09-30T10:59:58","slug":"plakandzelzs-141","status":"publish","type":"product","link":"https:\/\/armet.lv\/en\/product\/plakandzelzs-141\/","title":{"rendered":"Flat bar"},"content":{"rendered":"","protected":false},"excerpt":{"rendered":"","protected":false},"featured_media":13390,"comment_status":"closed","ping_status":"closed","template":"","meta":[],"product_brand":[],"product_cat":[83],"product_tag":[],"class_list":{"0":"post-10734","1":"product","2":"type-product","3":"status-publish","4":"has-post-thumbnail","6":"product_cat-plakandzelzs","8":"first","9":"instock","10":"shipping-taxable","11":"purchasable","12":"product-type-simple"},"yoast_head":"<!-- This site is optimized with the Yoast SEO plugin v27.0 - https:\/\/yoast.com\/product\/yoast-seo-wordpress\/ -->\n<title>Plakandzelzs 90x5 - Armet<\/title>\n<meta name=\"description\" content=\"Plakandzelzs 90x5 tiek pla\u0161i izmantots b\u016bvniec\u012bb\u0101 met\u0101lkonstrukciju mont\u0101\u017eai, profilu izgatavo\u0161anai, r\u016bpniec\u012bb\u0101, ma\u0161\u012bnb\u016bv\u0113.\" \/>\n<meta name=\"robots\" content=\"index, follow, max-snippet:-1, max-image-preview:large, max-video-preview:-1\" \/>\n<link rel=\"canonical\" href=\"https:\/\/armet.lv\/en\/product\/plakandzelzs-141\/\" \/>\n<meta property=\"og:locale\" content=\"en_GB\" \/>\n<meta property=\"og:type\" content=\"article\" \/>\n<meta property=\"og:title\" content=\"Plakandzelzs 90x5 - Armet\" \/>\n<meta property=\"og:description\" content=\"Plakandzelzs 90x5 tiek pla\u0161i izmantots b\u016bvniec\u012bb\u0101 met\u0101lkonstrukciju mont\u0101\u017eai, profilu izgatavo\u0161anai, r\u016bpniec\u012bb\u0101, ma\u0161\u012bnb\u016bv\u0113.\" \/>\n<meta property=\"og:url\" content=\"https:\/\/armet.lv\/en\/product\/plakandzelzs-141\/\" \/>\n<meta property=\"og:site_name\" content=\"Armet\" \/>\n<meta property=\"article:modified_time\" content=\"2022-09-30T10:59:58+00:00\" \/>\n<meta property=\"og:image\" content=\"https:\/\/armet.lv\/wp-content\/uploads\/2022\/06\/steel_flat-360x300-1.jpg\" \/>\n\t<meta property=\"og:image:width\" content=\"360\" \/>\n\t<meta property=\"og:image:height\" content=\"300\" \/>\n\t<meta property=\"og:image:type\" content=\"image\/jpeg\" \/>\n<meta name=\"twitter:card\" content=\"summary_large_image\" \/>\n<script type=\"application\/ld+json\" class=\"yoast-schema-graph\">{\"@context\":\"https:\/\/schema.org\",\"@graph\":[{\"@type\":\"WebPage\",\"@id\":\"https:\/\/armet.lv\/product\/plakandzelzs-141\/\",\"url\":\"https:\/\/armet.lv\/product\/plakandzelzs-141\/\",\"name\":\"Plakandzelzs 90x5 - Armet\",\"isPartOf\":{\"@id\":\"https:\/\/armet.lv\/en\/#website\"},\"primaryImageOfPage\":{\"@id\":\"https:\/\/armet.lv\/product\/plakandzelzs-141\/#primaryimage\"},\"image\":{\"@id\":\"https:\/\/armet.lv\/product\/plakandzelzs-141\/#primaryimage\"},\"thumbnailUrl\":\"https:\/\/armet.lv\/wp-content\/uploads\/2022\/06\/steel_flat-360x300-1.jpg\",\"datePublished\":\"2022-05-19T11:44:59+00:00\",\"dateModified\":\"2022-09-30T10:59:58+00:00\",\"description\":\"Plakandzelzs 90x5 tiek pla\u0161i izmantots b\u016bvniec\u012bb\u0101 met\u0101lkonstrukciju mont\u0101\u017eai, profilu izgatavo\u0161anai, r\u016bpniec\u012bb\u0101, ma\u0161\u012bnb\u016bv\u0113.\",\"breadcrumb\":{\"@id\":\"https:\/\/armet.lv\/product\/plakandzelzs-141\/#breadcrumb\"},\"inLanguage\":\"en-GB\",\"potentialAction\":[{\"@type\":\"ReadAction\",\"target\":[\"https:\/\/armet.lv\/product\/plakandzelzs-141\/\"]}]},{\"@type\":\"ImageObject\",\"inLanguage\":\"en-GB\",\"@id\":\"https:\/\/armet.lv\/product\/plakandzelzs-141\/#primaryimage\",\"url\":\"https:\/\/armet.lv\/wp-content\/uploads\/2022\/06\/steel_flat-360x300-1.jpg\",\"contentUrl\":\"https:\/\/armet.lv\/wp-content\/uploads\/2022\/06\/steel_flat-360x300-1.jpg\",\"width\":360,\"height\":300,\"caption\":\"Plakandzelzs\"},{\"@type\":\"BreadcrumbList\",\"@id\":\"https:\/\/armet.lv\/product\/plakandzelzs-141\/#breadcrumb\",\"itemListElement\":[{\"@type\":\"ListItem\",\"position\":1,\"name\":\"Home\",\"item\":\"https:\/\/armet.lv\/\"},{\"@type\":\"ListItem\",\"position\":2,\"name\":\"Katalogs\",\"item\":\"https:\/\/armet.lv\/katalogs\/\"},{\"@type\":\"ListItem\",\"position\":3,\"name\":\"Plakandzelzs\"}]},{\"@type\":\"WebSite\",\"@id\":\"https:\/\/armet.lv\/en\/#website\",\"url\":\"https:\/\/armet.lv\/en\/\",\"name\":\"Armet\",\"description\":\"\",\"publisher\":{\"@id\":\"https:\/\/armet.lv\/en\/#organization\"},\"potentialAction\":[{\"@type\":\"SearchAction\",\"target\":{\"@type\":\"EntryPoint\",\"urlTemplate\":\"https:\/\/armet.lv\/en\/?s={search_term_string}\"},\"query-input\":{\"@type\":\"PropertyValueSpecification\",\"valueRequired\":true,\"valueName\":\"search_term_string\"}}],\"inLanguage\":\"en-GB\"},{\"@type\":\"Organization\",\"@id\":\"https:\/\/armet.lv\/en\/#organization\",\"name\":\"Armet\",\"url\":\"https:\/\/armet.lv\/en\/\",\"logo\":{\"@type\":\"ImageObject\",\"inLanguage\":\"en-GB\",\"@id\":\"https:\/\/armet.lv\/en\/#\/schema\/logo\/image\/\",\"url\":\"https:\/\/armet.lv\/wp-content\/uploads\/2025\/02\/Asset-2.svg\",\"contentUrl\":\"https:\/\/armet.lv\/wp-content\/uploads\/2025\/02\/Asset-2.svg\",\"width\":552,\"height\":268,\"caption\":\"Armet\"},\"image\":{\"@id\":\"https:\/\/armet.lv\/en\/#\/schema\/logo\/image\/\"}}]}<\/script>\n<!-- \/ Yoast SEO plugin. -->","yoast_head_json":{"title":"Plakandzelzs 90x5 - Armet","description":"Plakandzelzs 90x5 tiek pla\u0161i izmantots b\u016bvniec\u012bb\u0101 met\u0101lkonstrukciju mont\u0101\u017eai, profilu izgatavo\u0161anai, r\u016bpniec\u012bb\u0101, ma\u0161\u012bnb\u016bv\u0113.","robots":{"index":"index","follow":"follow","max-snippet":"max-snippet:-1","max-image-preview":"max-image-preview:large","max-video-preview":"max-video-preview:-1"},"canonical":"https:\/\/armet.lv\/en\/product\/plakandzelzs-141\/","og_locale":"en_GB","og_type":"article","og_title":"Plakandzelzs 90x5 - Armet","og_description":"Plakandzelzs 90x5 tiek pla\u0161i izmantots b\u016bvniec\u012bb\u0101 met\u0101lkonstrukciju mont\u0101\u017eai, profilu izgatavo\u0161anai, r\u016bpniec\u012bb\u0101, ma\u0161\u012bnb\u016bv\u0113.","og_url":"https:\/\/armet.lv\/en\/product\/plakandzelzs-141\/","og_site_name":"Armet","article_modified_time":"2022-09-30T10:59:58+00:00","og_image":[{"width":360,"height":300,"url":"https:\/\/armet.lv\/wp-content\/uploads\/2022\/06\/steel_flat-360x300-1.jpg","type":"image\/jpeg"}],"twitter_card":"summary_large_image","schema":{"@context":"https:\/\/schema.org","@graph":[{"@type":"WebPage","@id":"https:\/\/armet.lv\/product\/plakandzelzs-141\/","url":"https:\/\/armet.lv\/product\/plakandzelzs-141\/","name":"Plakandzelzs 90x5 - Armet","isPartOf":{"@id":"https:\/\/armet.lv\/en\/#website"},"primaryImageOfPage":{"@id":"https:\/\/armet.lv\/product\/plakandzelzs-141\/#primaryimage"},"image":{"@id":"https:\/\/armet.lv\/product\/plakandzelzs-141\/#primaryimage"},"thumbnailUrl":"https:\/\/armet.lv\/wp-content\/uploads\/2022\/06\/steel_flat-360x300-1.jpg","datePublished":"2022-05-19T11:44:59+00:00","dateModified":"2022-09-30T10:59:58+00:00","description":"Plakandzelzs 90x5 tiek pla\u0161i izmantots b\u016bvniec\u012bb\u0101 met\u0101lkonstrukciju mont\u0101\u017eai, profilu izgatavo\u0161anai, r\u016bpniec\u012bb\u0101, ma\u0161\u012bnb\u016bv\u0113.","breadcrumb":{"@id":"https:\/\/armet.lv\/product\/plakandzelzs-141\/#breadcrumb"},"inLanguage":"en-GB","potentialAction":[{"@type":"ReadAction","target":["https:\/\/armet.lv\/product\/plakandzelzs-141\/"]}]},{"@type":"ImageObject","inLanguage":"en-GB","@id":"https:\/\/armet.lv\/product\/plakandzelzs-141\/#primaryimage","url":"https:\/\/armet.lv\/wp-content\/uploads\/2022\/06\/steel_flat-360x300-1.jpg","contentUrl":"https:\/\/armet.lv\/wp-content\/uploads\/2022\/06\/steel_flat-360x300-1.jpg","width":360,"height":300,"caption":"Plakandzelzs"},{"@type":"BreadcrumbList","@id":"https:\/\/armet.lv\/product\/plakandzelzs-141\/#breadcrumb","itemListElement":[{"@type":"ListItem","position":1,"name":"Home","item":"https:\/\/armet.lv\/"},{"@type":"ListItem","position":2,"name":"Katalogs","item":"https:\/\/armet.lv\/katalogs\/"},{"@type":"ListItem","position":3,"name":"Plakandzelzs"}]},{"@type":"WebSite","@id":"https:\/\/armet.lv\/en\/#website","url":"https:\/\/armet.lv\/en\/","name":"Armet","description":"","publisher":{"@id":"https:\/\/armet.lv\/en\/#organization"},"potentialAction":[{"@type":"SearchAction","target":{"@type":"EntryPoint","urlTemplate":"https:\/\/armet.lv\/en\/?s={search_term_string}"},"query-input":{"@type":"PropertyValueSpecification","valueRequired":true,"valueName":"search_term_string"}}],"inLanguage":"en-GB"},{"@type":"Organization","@id":"https:\/\/armet.lv\/en\/#organization","name":"Armet","url":"https:\/\/armet.lv\/en\/","logo":{"@type":"ImageObject","inLanguage":"en-GB","@id":"https:\/\/armet.lv\/en\/#\/schema\/logo\/image\/","url":"https:\/\/armet.lv\/wp-content\/uploads\/2025\/02\/Asset-2.svg","contentUrl":"https:\/\/armet.lv\/wp-content\/uploads\/2025\/02\/Asset-2.svg","width":552,"height":268,"caption":"Armet"},"image":{"@id":"https:\/\/armet.lv\/en\/#\/schema\/logo\/image\/"}}]}},"_links":{"self":[{"href":"https:\/\/armet.lv\/en\/wp-json\/wp\/v2\/product\/10734","targetHints":{"allow":["GET"]}}],"collection":[{"href":"https:\/\/armet.lv\/en\/wp-json\/wp\/v2\/product"}],"about":[{"href":"https:\/\/armet.lv\/en\/wp-json\/wp\/v2\/types\/product"}],"replies":[{"embeddable":true,"href":"https:\/\/armet.lv\/en\/wp-json\/wp\/v2\/comments?post=10734"}],"version-history":[{"count":1,"href":"https:\/\/armet.lv\/en\/wp-json\/wp\/v2\/product\/10734\/revisions"}],"predecessor-version":[{"id":14956,"href":"https:\/\/armet.lv\/en\/wp-json\/wp\/v2\/product\/10734\/revisions\/14956"}],"wp:featuredmedia":[{"embeddable":true,"href":"https:\/\/armet.lv\/en\/wp-json\/wp\/v2\/media\/13390"}],"wp:attachment":[{"href":"https:\/\/armet.lv\/en\/wp-json\/wp\/v2\/media?parent=10734"}],"wp:term":[{"taxonomy":"product_brand","embeddable":true,"href":"https:\/\/armet.lv\/en\/wp-json\/wp\/v2\/product_brand?post=10734"},{"taxonomy":"product_cat","embeddable":true,"href":"https:\/\/armet.lv\/en\/wp-json\/wp\/v2\/product_cat?post=10734"},{"taxonomy":"product_tag","embeddable":true,"href":"https:\/\/armet.lv\/en\/wp-json\/wp\/v2\/product_tag?post=10734"}],"curies":[{"name":"wp","href":"https:\/\/api.w.org\/{rel}","templated":true}]}}