{"id":10563,"date":"2022-05-19T14:34:53","date_gmt":"2022-05-19T11:34:53","guid":{"rendered":"https:\/\/armet.lv\/product\/kvadrats-3\/"},"modified":"2022-09-26T19:33:31","modified_gmt":"2022-09-26T16:33:31","slug":"kvadrats-3","status":"publish","type":"product","link":"https:\/\/armet.lv\/en\/product\/kvadrats-3\/","title":{"rendered":"Square Bar"},"content":{"rendered":"","protected":false},"excerpt":{"rendered":"","protected":false},"featured_media":13384,"comment_status":"closed","ping_status":"closed","template":"","meta":[],"product_brand":[],"product_cat":[82],"product_tag":[],"class_list":{"0":"post-10563","1":"product","2":"type-product","3":"status-publish","4":"has-post-thumbnail","6":"product_cat-kvadrats","8":"first","9":"instock","10":"shipping-taxable","11":"purchasable","12":"product-type-simple"},"yoast_head":"<!-- This site is optimized with the Yoast SEO plugin v27.0 - https:\/\/yoast.com\/product\/yoast-seo-wordpress\/ -->\n<title>Kvadr\u0101tstienis 10x10 - Armet<\/title>\n<meta name=\"description\" content=\"Internet lap\u0101 var\u0113siet ieg\u0101d\u0101ties da\u017e\u0101du izm\u0113ru kvadr\u0101tus. Kvadr\u0101tstienis 10x10 - met\u0101la stienis ar kvadr\u0101ta griezumu bez tuk\u0161iem dobumiem iek\u0161pus\u0113\" \/>\n<meta name=\"robots\" content=\"index, follow, max-snippet:-1, max-image-preview:large, max-video-preview:-1\" \/>\n<link rel=\"canonical\" href=\"https:\/\/armet.lv\/en\/product\/kvadrats-3\/\" \/>\n<meta property=\"og:locale\" content=\"en_GB\" \/>\n<meta property=\"og:type\" content=\"article\" \/>\n<meta property=\"og:title\" content=\"Kvadr\u0101tstienis 10x10 - Armet\" \/>\n<meta property=\"og:description\" content=\"Internet lap\u0101 var\u0113siet ieg\u0101d\u0101ties da\u017e\u0101du izm\u0113ru kvadr\u0101tus. Kvadr\u0101tstienis 10x10 - met\u0101la stienis ar kvadr\u0101ta griezumu bez tuk\u0161iem dobumiem iek\u0161pus\u0113\" \/>\n<meta property=\"og:url\" content=\"https:\/\/armet.lv\/en\/product\/kvadrats-3\/\" \/>\n<meta property=\"og:site_name\" content=\"Armet\" \/>\n<meta property=\"article:modified_time\" content=\"2022-09-26T16:33:31+00:00\" \/>\n<meta property=\"og:image\" content=\"https:\/\/armet.lv\/wp-content\/uploads\/2022\/06\/kvadrat-300x300-1.jpg\" \/>\n\t<meta property=\"og:image:width\" content=\"300\" \/>\n\t<meta property=\"og:image:height\" content=\"300\" \/>\n\t<meta property=\"og:image:type\" content=\"image\/jpeg\" \/>\n<meta name=\"twitter:card\" content=\"summary_large_image\" \/>\n<script type=\"application\/ld+json\" class=\"yoast-schema-graph\">{\"@context\":\"https:\/\/schema.org\",\"@graph\":[{\"@type\":\"WebPage\",\"@id\":\"https:\/\/armet.lv\/product\/kvadrats-3\/\",\"url\":\"https:\/\/armet.lv\/product\/kvadrats-3\/\",\"name\":\"Kvadr\u0101tstienis 10x10 - Armet\",\"isPartOf\":{\"@id\":\"https:\/\/armet.lv\/en\/#website\"},\"primaryImageOfPage\":{\"@id\":\"https:\/\/armet.lv\/product\/kvadrats-3\/#primaryimage\"},\"image\":{\"@id\":\"https:\/\/armet.lv\/product\/kvadrats-3\/#primaryimage\"},\"thumbnailUrl\":\"https:\/\/armet.lv\/wp-content\/uploads\/2022\/06\/kvadrat-300x300-1.jpg\",\"datePublished\":\"2022-05-19T11:34:53+00:00\",\"dateModified\":\"2022-09-26T16:33:31+00:00\",\"description\":\"Internet lap\u0101 var\u0113siet ieg\u0101d\u0101ties da\u017e\u0101du izm\u0113ru kvadr\u0101tus. Kvadr\u0101tstienis 10x10 - met\u0101la stienis ar kvadr\u0101ta griezumu bez tuk\u0161iem dobumiem iek\u0161pus\u0113\",\"breadcrumb\":{\"@id\":\"https:\/\/armet.lv\/product\/kvadrats-3\/#breadcrumb\"},\"inLanguage\":\"en-GB\",\"potentialAction\":[{\"@type\":\"ReadAction\",\"target\":[\"https:\/\/armet.lv\/product\/kvadrats-3\/\"]}]},{\"@type\":\"ImageObject\",\"inLanguage\":\"en-GB\",\"@id\":\"https:\/\/armet.lv\/product\/kvadrats-3\/#primaryimage\",\"url\":\"https:\/\/armet.lv\/wp-content\/uploads\/2022\/06\/kvadrat-300x300-1.jpg\",\"contentUrl\":\"https:\/\/armet.lv\/wp-content\/uploads\/2022\/06\/kvadrat-300x300-1.jpg\",\"width\":300,\"height\":300},{\"@type\":\"BreadcrumbList\",\"@id\":\"https:\/\/armet.lv\/product\/kvadrats-3\/#breadcrumb\",\"itemListElement\":[{\"@type\":\"ListItem\",\"position\":1,\"name\":\"Home\",\"item\":\"https:\/\/armet.lv\/\"},{\"@type\":\"ListItem\",\"position\":2,\"name\":\"Katalogs\",\"item\":\"https:\/\/armet.lv\/katalogs\/\"},{\"@type\":\"ListItem\",\"position\":3,\"name\":\"Kvadr\u0101tstienis\"}]},{\"@type\":\"WebSite\",\"@id\":\"https:\/\/armet.lv\/en\/#website\",\"url\":\"https:\/\/armet.lv\/en\/\",\"name\":\"Armet\",\"description\":\"\",\"publisher\":{\"@id\":\"https:\/\/armet.lv\/en\/#organization\"},\"potentialAction\":[{\"@type\":\"SearchAction\",\"target\":{\"@type\":\"EntryPoint\",\"urlTemplate\":\"https:\/\/armet.lv\/en\/?s={search_term_string}\"},\"query-input\":{\"@type\":\"PropertyValueSpecification\",\"valueRequired\":true,\"valueName\":\"search_term_string\"}}],\"inLanguage\":\"en-GB\"},{\"@type\":\"Organization\",\"@id\":\"https:\/\/armet.lv\/en\/#organization\",\"name\":\"Armet\",\"url\":\"https:\/\/armet.lv\/en\/\",\"logo\":{\"@type\":\"ImageObject\",\"inLanguage\":\"en-GB\",\"@id\":\"https:\/\/armet.lv\/en\/#\/schema\/logo\/image\/\",\"url\":\"https:\/\/armet.lv\/wp-content\/uploads\/2025\/02\/Asset-2.svg\",\"contentUrl\":\"https:\/\/armet.lv\/wp-content\/uploads\/2025\/02\/Asset-2.svg\",\"width\":552,\"height\":268,\"caption\":\"Armet\"},\"image\":{\"@id\":\"https:\/\/armet.lv\/en\/#\/schema\/logo\/image\/\"}}]}<\/script>\n<!-- \/ Yoast SEO plugin. -->","yoast_head_json":{"title":"Kvadr\u0101tstienis 10x10 - Armet","description":"Internet lap\u0101 var\u0113siet ieg\u0101d\u0101ties da\u017e\u0101du izm\u0113ru kvadr\u0101tus. Kvadr\u0101tstienis 10x10 - met\u0101la stienis ar kvadr\u0101ta griezumu bez tuk\u0161iem dobumiem iek\u0161pus\u0113","robots":{"index":"index","follow":"follow","max-snippet":"max-snippet:-1","max-image-preview":"max-image-preview:large","max-video-preview":"max-video-preview:-1"},"canonical":"https:\/\/armet.lv\/en\/product\/kvadrats-3\/","og_locale":"en_GB","og_type":"article","og_title":"Kvadr\u0101tstienis 10x10 - Armet","og_description":"Internet lap\u0101 var\u0113siet ieg\u0101d\u0101ties da\u017e\u0101du izm\u0113ru kvadr\u0101tus. Kvadr\u0101tstienis 10x10 - met\u0101la stienis ar kvadr\u0101ta griezumu bez tuk\u0161iem dobumiem iek\u0161pus\u0113","og_url":"https:\/\/armet.lv\/en\/product\/kvadrats-3\/","og_site_name":"Armet","article_modified_time":"2022-09-26T16:33:31+00:00","og_image":[{"width":300,"height":300,"url":"https:\/\/armet.lv\/wp-content\/uploads\/2022\/06\/kvadrat-300x300-1.jpg","type":"image\/jpeg"}],"twitter_card":"summary_large_image","schema":{"@context":"https:\/\/schema.org","@graph":[{"@type":"WebPage","@id":"https:\/\/armet.lv\/product\/kvadrats-3\/","url":"https:\/\/armet.lv\/product\/kvadrats-3\/","name":"Kvadr\u0101tstienis 10x10 - Armet","isPartOf":{"@id":"https:\/\/armet.lv\/en\/#website"},"primaryImageOfPage":{"@id":"https:\/\/armet.lv\/product\/kvadrats-3\/#primaryimage"},"image":{"@id":"https:\/\/armet.lv\/product\/kvadrats-3\/#primaryimage"},"thumbnailUrl":"https:\/\/armet.lv\/wp-content\/uploads\/2022\/06\/kvadrat-300x300-1.jpg","datePublished":"2022-05-19T11:34:53+00:00","dateModified":"2022-09-26T16:33:31+00:00","description":"Internet lap\u0101 var\u0113siet ieg\u0101d\u0101ties da\u017e\u0101du izm\u0113ru kvadr\u0101tus. Kvadr\u0101tstienis 10x10 - met\u0101la stienis ar kvadr\u0101ta griezumu bez tuk\u0161iem dobumiem iek\u0161pus\u0113","breadcrumb":{"@id":"https:\/\/armet.lv\/product\/kvadrats-3\/#breadcrumb"},"inLanguage":"en-GB","potentialAction":[{"@type":"ReadAction","target":["https:\/\/armet.lv\/product\/kvadrats-3\/"]}]},{"@type":"ImageObject","inLanguage":"en-GB","@id":"https:\/\/armet.lv\/product\/kvadrats-3\/#primaryimage","url":"https:\/\/armet.lv\/wp-content\/uploads\/2022\/06\/kvadrat-300x300-1.jpg","contentUrl":"https:\/\/armet.lv\/wp-content\/uploads\/2022\/06\/kvadrat-300x300-1.jpg","width":300,"height":300},{"@type":"BreadcrumbList","@id":"https:\/\/armet.lv\/product\/kvadrats-3\/#breadcrumb","itemListElement":[{"@type":"ListItem","position":1,"name":"Home","item":"https:\/\/armet.lv\/"},{"@type":"ListItem","position":2,"name":"Katalogs","item":"https:\/\/armet.lv\/katalogs\/"},{"@type":"ListItem","position":3,"name":"Kvadr\u0101tstienis"}]},{"@type":"WebSite","@id":"https:\/\/armet.lv\/en\/#website","url":"https:\/\/armet.lv\/en\/","name":"Armet","description":"","publisher":{"@id":"https:\/\/armet.lv\/en\/#organization"},"potentialAction":[{"@type":"SearchAction","target":{"@type":"EntryPoint","urlTemplate":"https:\/\/armet.lv\/en\/?s={search_term_string}"},"query-input":{"@type":"PropertyValueSpecification","valueRequired":true,"valueName":"search_term_string"}}],"inLanguage":"en-GB"},{"@type":"Organization","@id":"https:\/\/armet.lv\/en\/#organization","name":"Armet","url":"https:\/\/armet.lv\/en\/","logo":{"@type":"ImageObject","inLanguage":"en-GB","@id":"https:\/\/armet.lv\/en\/#\/schema\/logo\/image\/","url":"https:\/\/armet.lv\/wp-content\/uploads\/2025\/02\/Asset-2.svg","contentUrl":"https:\/\/armet.lv\/wp-content\/uploads\/2025\/02\/Asset-2.svg","width":552,"height":268,"caption":"Armet"},"image":{"@id":"https:\/\/armet.lv\/en\/#\/schema\/logo\/image\/"}}]}},"_links":{"self":[{"href":"https:\/\/armet.lv\/en\/wp-json\/wp\/v2\/product\/10563","targetHints":{"allow":["GET"]}}],"collection":[{"href":"https:\/\/armet.lv\/en\/wp-json\/wp\/v2\/product"}],"about":[{"href":"https:\/\/armet.lv\/en\/wp-json\/wp\/v2\/types\/product"}],"replies":[{"embeddable":true,"href":"https:\/\/armet.lv\/en\/wp-json\/wp\/v2\/comments?post=10563"}],"version-history":[{"count":1,"href":"https:\/\/armet.lv\/en\/wp-json\/wp\/v2\/product\/10563\/revisions"}],"predecessor-version":[{"id":14722,"href":"https:\/\/armet.lv\/en\/wp-json\/wp\/v2\/product\/10563\/revisions\/14722"}],"wp:featuredmedia":[{"embeddable":true,"href":"https:\/\/armet.lv\/en\/wp-json\/wp\/v2\/media\/13384"}],"wp:attachment":[{"href":"https:\/\/armet.lv\/en\/wp-json\/wp\/v2\/media?parent=10563"}],"wp:term":[{"taxonomy":"product_brand","embeddable":true,"href":"https:\/\/armet.lv\/en\/wp-json\/wp\/v2\/product_brand?post=10563"},{"taxonomy":"product_cat","embeddable":true,"href":"https:\/\/armet.lv\/en\/wp-json\/wp\/v2\/product_cat?post=10563"},{"taxonomy":"product_tag","embeddable":true,"href":"https:\/\/armet.lv\/en\/wp-json\/wp\/v2\/product_tag?post=10563"}],"curies":[{"name":"wp","href":"https:\/\/api.w.org\/{rel}","templated":true}]}}