{"id":10164,"date":"2022-05-19T13:03:35","date_gmt":"2022-05-19T10:03:35","guid":{"rendered":"https:\/\/armet.lv\/?post_type=product&#038;p=10164"},"modified":"2022-09-20T12:04:28","modified_gmt":"2022-09-20T09:04:28","slug":"kvadratas-formas-caurules-en10219-6","status":"publish","type":"product","link":"https:\/\/armet.lv\/en\/product\/kvadratas-formas-caurules-en10219-6\/","title":{"rendered":"Square pipe"},"content":{"rendered":"","protected":false},"excerpt":{"rendered":"","protected":false},"featured_media":13339,"comment_status":"closed","ping_status":"closed","template":"","meta":[],"product_brand":[],"product_cat":[610],"product_tag":[],"class_list":{"0":"post-10164","1":"product","2":"type-product","3":"status-publish","4":"has-post-thumbnail","6":"product_cat-kvadratas-formas-caurules-en10219","8":"first","9":"instock","10":"shipping-taxable","11":"purchasable","12":"product-type-simple"},"yoast_head":"<!-- This site is optimized with the Yoast SEO plugin v27.0 - https:\/\/yoast.com\/product\/yoast-seo-wordpress\/ -->\n<title>Kvadr\u0101tcaurules 40x40x2mm - Armet<\/title>\n<meta name=\"description\" content=\"Uz\u0146\u0113mums SIA Armet Baltic pied\u0101v\u0101 kvadr\u0101tcaurules 40x40x2mm, kuras ir izgatavotas no iztur\u012bga augstas kvalit\u0101tes t\u0113rauda.\" \/>\n<meta name=\"robots\" content=\"index, follow, max-snippet:-1, max-image-preview:large, max-video-preview:-1\" \/>\n<link rel=\"canonical\" href=\"https:\/\/armet.lv\/en\/product\/kvadratas-formas-caurules-en10219-6\/\" \/>\n<meta property=\"og:locale\" content=\"en_GB\" \/>\n<meta property=\"og:type\" content=\"article\" \/>\n<meta property=\"og:title\" content=\"Kvadr\u0101tcaurules 40x40x2mm - Armet\" \/>\n<meta property=\"og:description\" content=\"Uz\u0146\u0113mums SIA Armet Baltic pied\u0101v\u0101 kvadr\u0101tcaurules 40x40x2mm, kuras ir izgatavotas no iztur\u012bga augstas kvalit\u0101tes t\u0113rauda.\" \/>\n<meta property=\"og:url\" content=\"https:\/\/armet.lv\/en\/product\/kvadratas-formas-caurules-en10219-6\/\" \/>\n<meta property=\"og:site_name\" content=\"Armet\" \/>\n<meta property=\"article:modified_time\" content=\"2022-09-20T09:04:28+00:00\" \/>\n<meta property=\"og:image\" content=\"https:\/\/armet.lv\/wp-content\/uploads\/2022\/06\/armatura-343x300-1.jpg\" \/>\n\t<meta property=\"og:image:width\" content=\"343\" \/>\n\t<meta property=\"og:image:height\" content=\"300\" \/>\n\t<meta property=\"og:image:type\" content=\"image\/jpeg\" \/>\n<meta name=\"twitter:card\" content=\"summary_large_image\" \/>\n<script type=\"application\/ld+json\" class=\"yoast-schema-graph\">{\"@context\":\"https:\/\/schema.org\",\"@graph\":[{\"@type\":\"WebPage\",\"@id\":\"https:\/\/armet.lv\/product\/kvadratas-formas-caurules-en10219-6\/\",\"url\":\"https:\/\/armet.lv\/product\/kvadratas-formas-caurules-en10219-6\/\",\"name\":\"Kvadr\u0101tcaurules 40x40x2mm - Armet\",\"isPartOf\":{\"@id\":\"https:\/\/armet.lv\/en\/#website\"},\"primaryImageOfPage\":{\"@id\":\"https:\/\/armet.lv\/product\/kvadratas-formas-caurules-en10219-6\/#primaryimage\"},\"image\":{\"@id\":\"https:\/\/armet.lv\/product\/kvadratas-formas-caurules-en10219-6\/#primaryimage\"},\"thumbnailUrl\":\"https:\/\/armet.lv\/wp-content\/uploads\/2022\/06\/armatura-343x300-1.jpg\",\"datePublished\":\"2022-05-19T10:03:35+00:00\",\"dateModified\":\"2022-09-20T09:04:28+00:00\",\"description\":\"Uz\u0146\u0113mums SIA Armet Baltic pied\u0101v\u0101 kvadr\u0101tcaurules 40x40x2mm, kuras ir izgatavotas no iztur\u012bga augstas kvalit\u0101tes t\u0113rauda.\",\"breadcrumb\":{\"@id\":\"https:\/\/armet.lv\/product\/kvadratas-formas-caurules-en10219-6\/#breadcrumb\"},\"inLanguage\":\"en-GB\",\"potentialAction\":[{\"@type\":\"ReadAction\",\"target\":[\"https:\/\/armet.lv\/product\/kvadratas-formas-caurules-en10219-6\/\"]}]},{\"@type\":\"ImageObject\",\"inLanguage\":\"en-GB\",\"@id\":\"https:\/\/armet.lv\/product\/kvadratas-formas-caurules-en10219-6\/#primaryimage\",\"url\":\"https:\/\/armet.lv\/wp-content\/uploads\/2022\/06\/armatura-343x300-1.jpg\",\"contentUrl\":\"https:\/\/armet.lv\/wp-content\/uploads\/2022\/06\/armatura-343x300-1.jpg\",\"width\":343,\"height\":300,\"caption\":\"Kvadr\u0101tcaurules\"},{\"@type\":\"BreadcrumbList\",\"@id\":\"https:\/\/armet.lv\/product\/kvadratas-formas-caurules-en10219-6\/#breadcrumb\",\"itemListElement\":[{\"@type\":\"ListItem\",\"position\":1,\"name\":\"Home\",\"item\":\"https:\/\/armet.lv\/\"},{\"@type\":\"ListItem\",\"position\":2,\"name\":\"Katalogs\",\"item\":\"https:\/\/armet.lv\/katalogs\/\"},{\"@type\":\"ListItem\",\"position\":3,\"name\":\"Kvadr\u0101tcaurule\"}]},{\"@type\":\"WebSite\",\"@id\":\"https:\/\/armet.lv\/en\/#website\",\"url\":\"https:\/\/armet.lv\/en\/\",\"name\":\"Armet\",\"description\":\"\",\"publisher\":{\"@id\":\"https:\/\/armet.lv\/en\/#organization\"},\"potentialAction\":[{\"@type\":\"SearchAction\",\"target\":{\"@type\":\"EntryPoint\",\"urlTemplate\":\"https:\/\/armet.lv\/en\/?s={search_term_string}\"},\"query-input\":{\"@type\":\"PropertyValueSpecification\",\"valueRequired\":true,\"valueName\":\"search_term_string\"}}],\"inLanguage\":\"en-GB\"},{\"@type\":\"Organization\",\"@id\":\"https:\/\/armet.lv\/en\/#organization\",\"name\":\"Armet\",\"url\":\"https:\/\/armet.lv\/en\/\",\"logo\":{\"@type\":\"ImageObject\",\"inLanguage\":\"en-GB\",\"@id\":\"https:\/\/armet.lv\/en\/#\/schema\/logo\/image\/\",\"url\":\"https:\/\/armet.lv\/wp-content\/uploads\/2025\/02\/Asset-2.svg\",\"contentUrl\":\"https:\/\/armet.lv\/wp-content\/uploads\/2025\/02\/Asset-2.svg\",\"width\":552,\"height\":268,\"caption\":\"Armet\"},\"image\":{\"@id\":\"https:\/\/armet.lv\/en\/#\/schema\/logo\/image\/\"}}]}<\/script>\n<!-- \/ Yoast SEO plugin. -->","yoast_head_json":{"title":"Kvadr\u0101tcaurules 40x40x2mm - Armet","description":"Uz\u0146\u0113mums SIA Armet Baltic pied\u0101v\u0101 kvadr\u0101tcaurules 40x40x2mm, kuras ir izgatavotas no iztur\u012bga augstas kvalit\u0101tes t\u0113rauda.","robots":{"index":"index","follow":"follow","max-snippet":"max-snippet:-1","max-image-preview":"max-image-preview:large","max-video-preview":"max-video-preview:-1"},"canonical":"https:\/\/armet.lv\/en\/product\/kvadratas-formas-caurules-en10219-6\/","og_locale":"en_GB","og_type":"article","og_title":"Kvadr\u0101tcaurules 40x40x2mm - Armet","og_description":"Uz\u0146\u0113mums SIA Armet Baltic pied\u0101v\u0101 kvadr\u0101tcaurules 40x40x2mm, kuras ir izgatavotas no iztur\u012bga augstas kvalit\u0101tes t\u0113rauda.","og_url":"https:\/\/armet.lv\/en\/product\/kvadratas-formas-caurules-en10219-6\/","og_site_name":"Armet","article_modified_time":"2022-09-20T09:04:28+00:00","og_image":[{"width":343,"height":300,"url":"https:\/\/armet.lv\/wp-content\/uploads\/2022\/06\/armatura-343x300-1.jpg","type":"image\/jpeg"}],"twitter_card":"summary_large_image","schema":{"@context":"https:\/\/schema.org","@graph":[{"@type":"WebPage","@id":"https:\/\/armet.lv\/product\/kvadratas-formas-caurules-en10219-6\/","url":"https:\/\/armet.lv\/product\/kvadratas-formas-caurules-en10219-6\/","name":"Kvadr\u0101tcaurules 40x40x2mm - Armet","isPartOf":{"@id":"https:\/\/armet.lv\/en\/#website"},"primaryImageOfPage":{"@id":"https:\/\/armet.lv\/product\/kvadratas-formas-caurules-en10219-6\/#primaryimage"},"image":{"@id":"https:\/\/armet.lv\/product\/kvadratas-formas-caurules-en10219-6\/#primaryimage"},"thumbnailUrl":"https:\/\/armet.lv\/wp-content\/uploads\/2022\/06\/armatura-343x300-1.jpg","datePublished":"2022-05-19T10:03:35+00:00","dateModified":"2022-09-20T09:04:28+00:00","description":"Uz\u0146\u0113mums SIA Armet Baltic pied\u0101v\u0101 kvadr\u0101tcaurules 40x40x2mm, kuras ir izgatavotas no iztur\u012bga augstas kvalit\u0101tes t\u0113rauda.","breadcrumb":{"@id":"https:\/\/armet.lv\/product\/kvadratas-formas-caurules-en10219-6\/#breadcrumb"},"inLanguage":"en-GB","potentialAction":[{"@type":"ReadAction","target":["https:\/\/armet.lv\/product\/kvadratas-formas-caurules-en10219-6\/"]}]},{"@type":"ImageObject","inLanguage":"en-GB","@id":"https:\/\/armet.lv\/product\/kvadratas-formas-caurules-en10219-6\/#primaryimage","url":"https:\/\/armet.lv\/wp-content\/uploads\/2022\/06\/armatura-343x300-1.jpg","contentUrl":"https:\/\/armet.lv\/wp-content\/uploads\/2022\/06\/armatura-343x300-1.jpg","width":343,"height":300,"caption":"Kvadr\u0101tcaurules"},{"@type":"BreadcrumbList","@id":"https:\/\/armet.lv\/product\/kvadratas-formas-caurules-en10219-6\/#breadcrumb","itemListElement":[{"@type":"ListItem","position":1,"name":"Home","item":"https:\/\/armet.lv\/"},{"@type":"ListItem","position":2,"name":"Katalogs","item":"https:\/\/armet.lv\/katalogs\/"},{"@type":"ListItem","position":3,"name":"Kvadr\u0101tcaurule"}]},{"@type":"WebSite","@id":"https:\/\/armet.lv\/en\/#website","url":"https:\/\/armet.lv\/en\/","name":"Armet","description":"","publisher":{"@id":"https:\/\/armet.lv\/en\/#organization"},"potentialAction":[{"@type":"SearchAction","target":{"@type":"EntryPoint","urlTemplate":"https:\/\/armet.lv\/en\/?s={search_term_string}"},"query-input":{"@type":"PropertyValueSpecification","valueRequired":true,"valueName":"search_term_string"}}],"inLanguage":"en-GB"},{"@type":"Organization","@id":"https:\/\/armet.lv\/en\/#organization","name":"Armet","url":"https:\/\/armet.lv\/en\/","logo":{"@type":"ImageObject","inLanguage":"en-GB","@id":"https:\/\/armet.lv\/en\/#\/schema\/logo\/image\/","url":"https:\/\/armet.lv\/wp-content\/uploads\/2025\/02\/Asset-2.svg","contentUrl":"https:\/\/armet.lv\/wp-content\/uploads\/2025\/02\/Asset-2.svg","width":552,"height":268,"caption":"Armet"},"image":{"@id":"https:\/\/armet.lv\/en\/#\/schema\/logo\/image\/"}}]}},"_links":{"self":[{"href":"https:\/\/armet.lv\/en\/wp-json\/wp\/v2\/product\/10164","targetHints":{"allow":["GET"]}}],"collection":[{"href":"https:\/\/armet.lv\/en\/wp-json\/wp\/v2\/product"}],"about":[{"href":"https:\/\/armet.lv\/en\/wp-json\/wp\/v2\/types\/product"}],"replies":[{"embeddable":true,"href":"https:\/\/armet.lv\/en\/wp-json\/wp\/v2\/comments?post=10164"}],"version-history":[{"count":2,"href":"https:\/\/armet.lv\/en\/wp-json\/wp\/v2\/product\/10164\/revisions"}],"predecessor-version":[{"id":14188,"href":"https:\/\/armet.lv\/en\/wp-json\/wp\/v2\/product\/10164\/revisions\/14188"}],"wp:featuredmedia":[{"embeddable":true,"href":"https:\/\/armet.lv\/en\/wp-json\/wp\/v2\/media\/13339"}],"wp:attachment":[{"href":"https:\/\/armet.lv\/en\/wp-json\/wp\/v2\/media?parent=10164"}],"wp:term":[{"taxonomy":"product_brand","embeddable":true,"href":"https:\/\/armet.lv\/en\/wp-json\/wp\/v2\/product_brand?post=10164"},{"taxonomy":"product_cat","embeddable":true,"href":"https:\/\/armet.lv\/en\/wp-json\/wp\/v2\/product_cat?post=10164"},{"taxonomy":"product_tag","embeddable":true,"href":"https:\/\/armet.lv\/en\/wp-json\/wp\/v2\/product_tag?post=10164"}],"curies":[{"name":"wp","href":"https:\/\/api.w.org\/{rel}","templated":true}]}}