{"id":8649,"date":"2022-05-14T10:00:13","date_gmt":"2022-05-14T07:00:13","guid":{"rendered":"https:\/\/armet.lv\/?page_id=8649"},"modified":"2024-07-10T12:07:11","modified_gmt":"2024-07-10T09:07:11","slug":"kontakti","status":"publish","type":"page","link":"https:\/\/armet.lv\/en\/kontakti\/","title":{"rendered":"Contacts"},"content":{"rendered":"<div data-elementor-type=\"wp-page\" data-elementor-id=\"8649\" class=\"elementor elementor-8649\" data-elementor-post-type=\"page\">\n\t\t\t\t\t\t<section class=\"wd-negative-gap elementor-section elementor-top-section elementor-element elementor-element-0ed99d7 elementor-section-boxed elementor-section-height-default elementor-section-height-default\" data-id=\"0ed99d7\" data-element_type=\"section\">\n\t\t\t\t\t\t<div class=\"elementor-container elementor-column-gap-default\">\n\t\t\t\t\t<div class=\"elementor-column elementor-col-100 elementor-top-column elementor-element elementor-element-8abdbd6\" data-id=\"8abdbd6\" data-element_type=\"column\">\n\t\t\t<div class=\"elementor-widget-wrap elementor-element-populated\">\n\t\t\t\t\t\t<section class=\"wd-negative-gap elementor-section elementor-inner-section elementor-element elementor-element-0af53c9 elementor-section-boxed elementor-section-height-default elementor-section-height-default\" data-id=\"0af53c9\" data-element_type=\"section\">\n\t\t\t\t\t\t<div class=\"elementor-container elementor-column-gap-default\">\n\t\t\t\t\t<div class=\"elementor-column elementor-col-50 elementor-inner-column elementor-element elementor-element-cfd70a0\" data-id=\"cfd70a0\" data-element_type=\"column\">\n\t\t\t<div class=\"elementor-widget-wrap elementor-element-populated\">\n\t\t\t\t\t\t<div class=\"elementor-element elementor-element-f526622 color-scheme-inherit text-left elementor-widget elementor-widget-text-editor\" data-id=\"f526622\" data-element_type=\"widget\" data-widget_type=\"text-editor.default\">\n\t\t\t\t<div class=\"elementor-widget-container\">\n\t\t\t\t\t\t\t\t\t<p><strong>SIA Armet<\/strong><br \/><strong>Re\u0123. numurs:<\/strong> LV40203403556<br \/><strong>Jur. adrese:<\/strong> Il\u016bkstes iela 101-55, LV-1082, R\u012bga<br \/><strong>Adrese:<\/strong> Cesvaines iela 17, R\u012bga, LV-1073<\/p><p>A\/S Citadele Banka<br \/>PARXLV22<br \/><strong>IBAN: <\/strong>LV76PARX0027762780002<\/p>\t\t\t\t\t\t\t\t<\/div>\n\t\t\t\t<\/div>\n\t\t\t\t\t<\/div>\n\t\t<\/div>\n\t\t\t\t<div class=\"elementor-column elementor-col-50 elementor-inner-column elementor-element elementor-element-b1a563a\" data-id=\"b1a563a\" data-element_type=\"column\">\n\t\t\t<div class=\"elementor-widget-wrap elementor-element-populated\">\n\t\t\t\t\t\t<div class=\"elementor-element elementor-element-24dc6cb elementor-widget elementor-widget-google_maps\" data-id=\"24dc6cb\" data-element_type=\"widget\" data-widget_type=\"google_maps.default\">\n\t\t\t\t<div class=\"elementor-widget-container\">\n\t\t\t\t\t\t\t<div class=\"elementor-custom-embed\">\n\t\t\t<iframe loading=\"lazy\"\n\t\t\t\t\tsrc=\"https:\/\/maps.google.com\/maps?q=Cesvaines%20iela%2017&#038;t=m&#038;z=11&#038;output=embed&#038;iwloc=near\"\n\t\t\t\t\ttitle=\"Cesvaines iela 17\"\n\t\t\t\t\taria-label=\"Cesvaines iela 17\"\n\t\t\t><\/iframe>\n\t\t<\/div>\n\t\t\t\t\t\t<\/div>\n\t\t\t\t<\/div>\n\t\t\t\t\t<\/div>\n\t\t<\/div>\n\t\t\t\t\t<\/div>\n\t\t<\/section>\n\t\t\t\t\t<\/div>\n\t\t<\/div>\n\t\t\t\t\t<\/div>\n\t\t<\/section>\n\t\t\t\t<\/div>","protected":false},"excerpt":{"rendered":"<p>SIA ArmetRe\u0123. numurs: LV40203403556Jur. adrese: Il\u016bkstes iela 101-55, LV-1082, R\u012bgaAdrese: Cesvaines iela 17, R\u012bga, LV-1073 A\/S Citadele BankaPARXLV22IBAN: LV76PARX0027762780002<\/p>","protected":false},"author":1,"featured_media":0,"parent":0,"menu_order":0,"comment_status":"closed","ping_status":"closed","template":"","meta":{"footnotes":""},"class_list":["post-8649","page","type-page","status-publish","hentry"],"yoast_head":"<!-- This site is optimized with the Yoast SEO plugin v27.0 - https:\/\/yoast.com\/product\/yoast-seo-wordpress\/ -->\n<title>Sazinieties ar uz\u0146\u0113muma mened\u017eeriem - Armet<\/title>\n<meta name=\"description\" content=\"Sazinieties ar uz\u0146\u0113muma mened\u017eeriem, lai apspriestu sadarb\u012bbas nosac\u012bjumus jau \u0161odien, un sagatavosim jums \u012bpa\u0161u pied\u0101v\u0101jumu tuv\u0101k\u0101ja laik\u0101!\" \/>\n<meta name=\"robots\" content=\"index, follow, max-snippet:-1, max-image-preview:large, max-video-preview:-1\" \/>\n<link rel=\"canonical\" href=\"https:\/\/armet.lv\/en\/kontakti\/\" \/>\n<meta property=\"og:locale\" content=\"en_GB\" \/>\n<meta property=\"og:type\" content=\"article\" \/>\n<meta property=\"og:title\" content=\"Sazinieties ar uz\u0146\u0113muma mened\u017eeriem - Armet\" \/>\n<meta property=\"og:description\" content=\"Sazinieties ar uz\u0146\u0113muma mened\u017eeriem, lai apspriestu sadarb\u012bbas nosac\u012bjumus jau \u0161odien, un sagatavosim jums \u012bpa\u0161u pied\u0101v\u0101jumu tuv\u0101k\u0101ja laik\u0101!\" \/>\n<meta property=\"og:url\" content=\"https:\/\/armet.lv\/en\/kontakti\/\" \/>\n<meta property=\"og:site_name\" content=\"Armet\" \/>\n<meta property=\"article:modified_time\" content=\"2024-07-10T09:07:11+00:00\" \/>\n<meta name=\"twitter:card\" content=\"summary_large_image\" \/>\n<meta name=\"twitter:label1\" content=\"Estimated reading time\" \/>\n\t<meta name=\"twitter:data1\" content=\"1 minute\" \/>\n<script type=\"application\/ld+json\" class=\"yoast-schema-graph\">{\"@context\":\"https:\/\/schema.org\",\"@graph\":[{\"@type\":\"WebPage\",\"@id\":\"https:\/\/armet.lv\/kontakti\/\",\"url\":\"https:\/\/armet.lv\/kontakti\/\",\"name\":\"Sazinieties ar uz\u0146\u0113muma mened\u017eeriem - Armet\",\"isPartOf\":{\"@id\":\"https:\/\/armet.lv\/en\/#website\"},\"datePublished\":\"2022-05-14T07:00:13+00:00\",\"dateModified\":\"2024-07-10T09:07:11+00:00\",\"description\":\"Sazinieties ar uz\u0146\u0113muma mened\u017eeriem, lai apspriestu sadarb\u012bbas nosac\u012bjumus jau \u0161odien, un sagatavosim jums \u012bpa\u0161u pied\u0101v\u0101jumu tuv\u0101k\u0101ja laik\u0101!\",\"breadcrumb\":{\"@id\":\"https:\/\/armet.lv\/kontakti\/#breadcrumb\"},\"inLanguage\":\"en-GB\",\"potentialAction\":[{\"@type\":\"ReadAction\",\"target\":[\"https:\/\/armet.lv\/kontakti\/\"]}]},{\"@type\":\"BreadcrumbList\",\"@id\":\"https:\/\/armet.lv\/kontakti\/#breadcrumb\",\"itemListElement\":[{\"@type\":\"ListItem\",\"position\":1,\"name\":\"Home\",\"item\":\"https:\/\/armet.lv\/\"},{\"@type\":\"ListItem\",\"position\":2,\"name\":\"Kontakti\"}]},{\"@type\":\"WebSite\",\"@id\":\"https:\/\/armet.lv\/en\/#website\",\"url\":\"https:\/\/armet.lv\/en\/\",\"name\":\"Armet\",\"description\":\"\",\"publisher\":{\"@id\":\"https:\/\/armet.lv\/en\/#organization\"},\"potentialAction\":[{\"@type\":\"SearchAction\",\"target\":{\"@type\":\"EntryPoint\",\"urlTemplate\":\"https:\/\/armet.lv\/en\/?s={search_term_string}\"},\"query-input\":{\"@type\":\"PropertyValueSpecification\",\"valueRequired\":true,\"valueName\":\"search_term_string\"}}],\"inLanguage\":\"en-GB\"},{\"@type\":\"Organization\",\"@id\":\"https:\/\/armet.lv\/en\/#organization\",\"name\":\"Armet\",\"url\":\"https:\/\/armet.lv\/en\/\",\"logo\":{\"@type\":\"ImageObject\",\"inLanguage\":\"en-GB\",\"@id\":\"https:\/\/armet.lv\/en\/#\/schema\/logo\/image\/\",\"url\":\"https:\/\/armet.lv\/wp-content\/uploads\/2025\/02\/Asset-2.svg\",\"contentUrl\":\"https:\/\/armet.lv\/wp-content\/uploads\/2025\/02\/Asset-2.svg\",\"width\":552,\"height\":268,\"caption\":\"Armet\"},\"image\":{\"@id\":\"https:\/\/armet.lv\/en\/#\/schema\/logo\/image\/\"}}]}<\/script>\n<!-- \/ Yoast SEO plugin. -->","yoast_head_json":{"title":"Sazinieties ar uz\u0146\u0113muma mened\u017eeriem - Armet","description":"Sazinieties ar uz\u0146\u0113muma mened\u017eeriem, lai apspriestu sadarb\u012bbas nosac\u012bjumus jau \u0161odien, un sagatavosim jums \u012bpa\u0161u pied\u0101v\u0101jumu tuv\u0101k\u0101ja laik\u0101!","robots":{"index":"index","follow":"follow","max-snippet":"max-snippet:-1","max-image-preview":"max-image-preview:large","max-video-preview":"max-video-preview:-1"},"canonical":"https:\/\/armet.lv\/en\/kontakti\/","og_locale":"en_GB","og_type":"article","og_title":"Sazinieties ar uz\u0146\u0113muma mened\u017eeriem - Armet","og_description":"Sazinieties ar uz\u0146\u0113muma mened\u017eeriem, lai apspriestu sadarb\u012bbas nosac\u012bjumus jau \u0161odien, un sagatavosim jums \u012bpa\u0161u pied\u0101v\u0101jumu tuv\u0101k\u0101ja laik\u0101!","og_url":"https:\/\/armet.lv\/en\/kontakti\/","og_site_name":"Armet","article_modified_time":"2024-07-10T09:07:11+00:00","twitter_card":"summary_large_image","twitter_misc":{"Estimated reading time":"1 minute"},"schema":{"@context":"https:\/\/schema.org","@graph":[{"@type":"WebPage","@id":"https:\/\/armet.lv\/kontakti\/","url":"https:\/\/armet.lv\/kontakti\/","name":"Sazinieties ar uz\u0146\u0113muma mened\u017eeriem - Armet","isPartOf":{"@id":"https:\/\/armet.lv\/en\/#website"},"datePublished":"2022-05-14T07:00:13+00:00","dateModified":"2024-07-10T09:07:11+00:00","description":"Sazinieties ar uz\u0146\u0113muma mened\u017eeriem, lai apspriestu sadarb\u012bbas nosac\u012bjumus jau \u0161odien, un sagatavosim jums \u012bpa\u0161u pied\u0101v\u0101jumu tuv\u0101k\u0101ja laik\u0101!","breadcrumb":{"@id":"https:\/\/armet.lv\/kontakti\/#breadcrumb"},"inLanguage":"en-GB","potentialAction":[{"@type":"ReadAction","target":["https:\/\/armet.lv\/kontakti\/"]}]},{"@type":"BreadcrumbList","@id":"https:\/\/armet.lv\/kontakti\/#breadcrumb","itemListElement":[{"@type":"ListItem","position":1,"name":"Home","item":"https:\/\/armet.lv\/"},{"@type":"ListItem","position":2,"name":"Kontakti"}]},{"@type":"WebSite","@id":"https:\/\/armet.lv\/en\/#website","url":"https:\/\/armet.lv\/en\/","name":"Armet","description":"","publisher":{"@id":"https:\/\/armet.lv\/en\/#organization"},"potentialAction":[{"@type":"SearchAction","target":{"@type":"EntryPoint","urlTemplate":"https:\/\/armet.lv\/en\/?s={search_term_string}"},"query-input":{"@type":"PropertyValueSpecification","valueRequired":true,"valueName":"search_term_string"}}],"inLanguage":"en-GB"},{"@type":"Organization","@id":"https:\/\/armet.lv\/en\/#organization","name":"Armet","url":"https:\/\/armet.lv\/en\/","logo":{"@type":"ImageObject","inLanguage":"en-GB","@id":"https:\/\/armet.lv\/en\/#\/schema\/logo\/image\/","url":"https:\/\/armet.lv\/wp-content\/uploads\/2025\/02\/Asset-2.svg","contentUrl":"https:\/\/armet.lv\/wp-content\/uploads\/2025\/02\/Asset-2.svg","width":552,"height":268,"caption":"Armet"},"image":{"@id":"https:\/\/armet.lv\/en\/#\/schema\/logo\/image\/"}}]}},"_links":{"self":[{"href":"https:\/\/armet.lv\/en\/wp-json\/wp\/v2\/pages\/8649","targetHints":{"allow":["GET"]}}],"collection":[{"href":"https:\/\/armet.lv\/en\/wp-json\/wp\/v2\/pages"}],"about":[{"href":"https:\/\/armet.lv\/en\/wp-json\/wp\/v2\/types\/page"}],"author":[{"embeddable":true,"href":"https:\/\/armet.lv\/en\/wp-json\/wp\/v2\/users\/1"}],"replies":[{"embeddable":true,"href":"https:\/\/armet.lv\/en\/wp-json\/wp\/v2\/comments?post=8649"}],"version-history":[{"count":32,"href":"https:\/\/armet.lv\/en\/wp-json\/wp\/v2\/pages\/8649\/revisions"}],"predecessor-version":[{"id":15269,"href":"https:\/\/armet.lv\/en\/wp-json\/wp\/v2\/pages\/8649\/revisions\/15269"}],"wp:attachment":[{"href":"https:\/\/armet.lv\/en\/wp-json\/wp\/v2\/media?parent=8649"}],"curies":[{"name":"wp","href":"https:\/\/api.w.org\/{rel}","templated":true}]}}