{"id":8647,"date":"2022-05-14T09:59:54","date_gmt":"2022-05-14T06:59:54","guid":{"rendered":"https:\/\/armet.lv\/?page_id=8647"},"modified":"2024-07-10T12:08:05","modified_gmt":"2024-07-10T09:08:05","slug":"par-kompaniju","status":"publish","type":"page","link":"https:\/\/armet.lv\/en\/par-kompaniju\/","title":{"rendered":"About us"},"content":{"rendered":"<div data-elementor-type=\"wp-page\" data-elementor-id=\"8647\" class=\"elementor elementor-8647\" data-elementor-post-type=\"page\">\n\t\t\t\t\t\t<section class=\"wd-negative-gap elementor-section elementor-top-section elementor-element elementor-element-7c54cf5 elementor-section-boxed elementor-section-height-default elementor-section-height-default\" data-id=\"7c54cf5\" data-element_type=\"section\">\n\t\t\t\t\t\t<div class=\"elementor-container elementor-column-gap-default\">\n\t\t\t\t\t<div class=\"elementor-column elementor-col-100 elementor-top-column elementor-element elementor-element-cb2c257\" data-id=\"cb2c257\" data-element_type=\"column\">\n\t\t\t<div class=\"elementor-widget-wrap elementor-element-populated\">\n\t\t\t\t\t\t<div class=\"elementor-element elementor-element-4150dbe color-scheme-inherit text-left elementor-widget elementor-widget-text-editor\" data-id=\"4150dbe\" data-element_type=\"widget\" data-widget_type=\"text-editor.default\">\n\t\t\t\t<div class=\"elementor-widget-container\">\n\t\t\t\t\t\t\t\t\t<p>Uz\u0146\u0113mums SIA Armet nodarbojas ar met\u0101la velm\u0113jumu tirdzniec\u012bbu, met\u0101la konstrukciju un armat\u016bras izstr\u0101d\u0101jumu ra\u017eo\u0161anu. Pied\u0101v\u0101taj\u0101 kl\u0101st\u0101 ir da\u017e\u0101das pre\u010du poz\u012bcijas, piem\u0113ram, armat\u016bra, apa\u013cas caurules, taisnst\u016brveida un kvadr\u0101tveida caurules, sijas, loksnes, le\u0146\u0137i, U profila sijas, ap\u0101\u013cdze\u013c\u017ei, sloksnes un daudz kas cits. Noformejot pasut\u012bjumu m\u016bsu m\u0101jas lapa, un m\u0113s ar jums sazin\u0101simies tuv\u0101k\u0101ja laik\u0101.<\/p><p>We are prepared to also fulfil custom orders, delivering products of non-standard dimensions.<\/p><p>Our clients from Latvia and Europe entrust us with the most complex projects. Seriousness and responsibility toward each order is our main goal. We do our best to meet the needs of the consumer. This distinguishes SIA Armet from most of its competitors.<\/p><p><b>Tr\u012bs iemesli, k\u0101p\u0113c b\u016btu v\u0113rts sadarboties ar SIA Armet:<\/b><\/p><p>1.Experience and professionalism<\/p><p>2.Accuracy and quality.<\/p><p>3.All products are certified for EU standards.<\/p><p>Contact our managers to discuss your conditions today, and we will promptly prepare our offer for you<span class=\"Apple-converted-space\">\u00a0<\/span>!<\/p>\t\t\t\t\t\t\t\t<\/div>\n\t\t\t\t<\/div>\n\t\t\t\t<div class=\"elementor-element elementor-element-71f7bff elementor-widget elementor-widget-button\" data-id=\"71f7bff\" data-element_type=\"widget\" data-widget_type=\"button.default\">\n\t\t\t\t<div class=\"elementor-widget-container\">\n\t\t\t\t\t\t\t\t\t<div class=\"elementor-button-wrapper\">\n\t\t\t\t\t<a class=\"elementor-button elementor-button-link elementor-size-sm\" href=\"#elementor-action%3Aaction%3Dpopup%3Aopen%26settings%3DeyJpZCI6IjExMDYxIiwidG9nZ2xlIjpmYWxzZX0%3D\">\n\t\t\t\t\t\t<span class=\"elementor-button-content-wrapper\">\n\t\t\t\t\t\t\t\t\t<span class=\"elementor-button-text\">SEND A REQUEST<\/span>\n\t\t\t\t\t<\/span>\n\t\t\t\t\t<\/a>\n\t\t\t\t<\/div>\n\t\t\t\t\t\t\t\t<\/div>\n\t\t\t\t<\/div>\n\t\t\t\t\t<\/div>\n\t\t<\/div>\n\t\t\t\t\t<\/div>\n\t\t<\/section>\n\t\t\t\t<\/div>","protected":false},"excerpt":{"rendered":"<p>Uz\u0146\u0113mums SIA Armet nodarbojas ar met\u0101la velm\u0113jumu tirdzniec\u012bbu, met\u0101la konstrukciju un armat\u016bras izstr\u0101d\u0101jumu ra\u017eo\u0161anu. Pied\u0101v\u0101taj\u0101 kl\u0101st\u0101 ir da\u017e\u0101das pre\u010du poz\u012bcijas,<\/p>","protected":false},"author":1,"featured_media":0,"parent":0,"menu_order":0,"comment_status":"closed","ping_status":"closed","template":"","meta":{"footnotes":""},"class_list":["post-8647","page","type-page","status-publish","hentry"],"yoast_head":"<!-- This site is optimized with the Yoast SEO plugin v27.0 - https:\/\/yoast.com\/product\/yoast-seo-wordpress\/ -->\n<title>Par kompaniju - Armet<\/title>\n<meta name=\"description\" content=\"Uz\u0146\u0113mums SIA Armet Baltic nodarbojas ar met\u0101lvelm\u0113jumu tirdzniec\u012bbu, met\u0101la konstrukciju un armat\u016bras izstr\u0101d\u0101jumu ra\u017eo\u0161anu.\" \/>\n<meta name=\"robots\" content=\"index, follow, max-snippet:-1, max-image-preview:large, max-video-preview:-1\" \/>\n<link rel=\"canonical\" href=\"https:\/\/armet.lv\/en\/par-kompaniju\/\" \/>\n<meta property=\"og:locale\" content=\"en_GB\" \/>\n<meta property=\"og:type\" content=\"article\" \/>\n<meta property=\"og:title\" content=\"Par kompaniju - Armet\" \/>\n<meta property=\"og:description\" content=\"Uz\u0146\u0113mums SIA Armet Baltic nodarbojas ar met\u0101lvelm\u0113jumu tirdzniec\u012bbu, met\u0101la konstrukciju un armat\u016bras izstr\u0101d\u0101jumu ra\u017eo\u0161anu.\" \/>\n<meta property=\"og:url\" content=\"https:\/\/armet.lv\/en\/par-kompaniju\/\" \/>\n<meta property=\"og:site_name\" content=\"Armet\" \/>\n<meta property=\"article:modified_time\" content=\"2024-07-10T09:08:05+00:00\" \/>\n<meta name=\"twitter:card\" content=\"summary_large_image\" \/>\n<meta name=\"twitter:label1\" content=\"Estimated reading time\" \/>\n\t<meta name=\"twitter:data1\" content=\"1 minute\" \/>\n<script type=\"application\/ld+json\" class=\"yoast-schema-graph\">{\"@context\":\"https:\/\/schema.org\",\"@graph\":[{\"@type\":\"WebPage\",\"@id\":\"https:\/\/armet.lv\/par-kompaniju\/\",\"url\":\"https:\/\/armet.lv\/par-kompaniju\/\",\"name\":\"Par kompaniju - Armet\",\"isPartOf\":{\"@id\":\"https:\/\/armet.lv\/en\/#website\"},\"datePublished\":\"2022-05-14T06:59:54+00:00\",\"dateModified\":\"2024-07-10T09:08:05+00:00\",\"description\":\"Uz\u0146\u0113mums SIA Armet Baltic nodarbojas ar met\u0101lvelm\u0113jumu tirdzniec\u012bbu, met\u0101la konstrukciju un armat\u016bras izstr\u0101d\u0101jumu ra\u017eo\u0161anu.\",\"breadcrumb\":{\"@id\":\"https:\/\/armet.lv\/par-kompaniju\/#breadcrumb\"},\"inLanguage\":\"en-GB\",\"potentialAction\":[{\"@type\":\"ReadAction\",\"target\":[\"https:\/\/armet.lv\/par-kompaniju\/\"]}]},{\"@type\":\"BreadcrumbList\",\"@id\":\"https:\/\/armet.lv\/par-kompaniju\/#breadcrumb\",\"itemListElement\":[{\"@type\":\"ListItem\",\"position\":1,\"name\":\"Home\",\"item\":\"https:\/\/armet.lv\/\"},{\"@type\":\"ListItem\",\"position\":2,\"name\":\"Par kompaniju\"}]},{\"@type\":\"WebSite\",\"@id\":\"https:\/\/armet.lv\/en\/#website\",\"url\":\"https:\/\/armet.lv\/en\/\",\"name\":\"Armet\",\"description\":\"\",\"publisher\":{\"@id\":\"https:\/\/armet.lv\/en\/#organization\"},\"potentialAction\":[{\"@type\":\"SearchAction\",\"target\":{\"@type\":\"EntryPoint\",\"urlTemplate\":\"https:\/\/armet.lv\/en\/?s={search_term_string}\"},\"query-input\":{\"@type\":\"PropertyValueSpecification\",\"valueRequired\":true,\"valueName\":\"search_term_string\"}}],\"inLanguage\":\"en-GB\"},{\"@type\":\"Organization\",\"@id\":\"https:\/\/armet.lv\/en\/#organization\",\"name\":\"Armet\",\"url\":\"https:\/\/armet.lv\/en\/\",\"logo\":{\"@type\":\"ImageObject\",\"inLanguage\":\"en-GB\",\"@id\":\"https:\/\/armet.lv\/en\/#\/schema\/logo\/image\/\",\"url\":\"https:\/\/armet.lv\/wp-content\/uploads\/2025\/02\/Asset-2.svg\",\"contentUrl\":\"https:\/\/armet.lv\/wp-content\/uploads\/2025\/02\/Asset-2.svg\",\"width\":552,\"height\":268,\"caption\":\"Armet\"},\"image\":{\"@id\":\"https:\/\/armet.lv\/en\/#\/schema\/logo\/image\/\"}}]}<\/script>\n<!-- \/ Yoast SEO plugin. -->","yoast_head_json":{"title":"Par kompaniju - Armet","description":"Uz\u0146\u0113mums SIA Armet Baltic nodarbojas ar met\u0101lvelm\u0113jumu tirdzniec\u012bbu, met\u0101la konstrukciju un armat\u016bras izstr\u0101d\u0101jumu ra\u017eo\u0161anu.","robots":{"index":"index","follow":"follow","max-snippet":"max-snippet:-1","max-image-preview":"max-image-preview:large","max-video-preview":"max-video-preview:-1"},"canonical":"https:\/\/armet.lv\/en\/par-kompaniju\/","og_locale":"en_GB","og_type":"article","og_title":"Par kompaniju - Armet","og_description":"Uz\u0146\u0113mums SIA Armet Baltic nodarbojas ar met\u0101lvelm\u0113jumu tirdzniec\u012bbu, met\u0101la konstrukciju un armat\u016bras izstr\u0101d\u0101jumu ra\u017eo\u0161anu.","og_url":"https:\/\/armet.lv\/en\/par-kompaniju\/","og_site_name":"Armet","article_modified_time":"2024-07-10T09:08:05+00:00","twitter_card":"summary_large_image","twitter_misc":{"Estimated reading time":"1 minute"},"schema":{"@context":"https:\/\/schema.org","@graph":[{"@type":"WebPage","@id":"https:\/\/armet.lv\/par-kompaniju\/","url":"https:\/\/armet.lv\/par-kompaniju\/","name":"Par kompaniju - Armet","isPartOf":{"@id":"https:\/\/armet.lv\/en\/#website"},"datePublished":"2022-05-14T06:59:54+00:00","dateModified":"2024-07-10T09:08:05+00:00","description":"Uz\u0146\u0113mums SIA Armet Baltic nodarbojas ar met\u0101lvelm\u0113jumu tirdzniec\u012bbu, met\u0101la konstrukciju un armat\u016bras izstr\u0101d\u0101jumu ra\u017eo\u0161anu.","breadcrumb":{"@id":"https:\/\/armet.lv\/par-kompaniju\/#breadcrumb"},"inLanguage":"en-GB","potentialAction":[{"@type":"ReadAction","target":["https:\/\/armet.lv\/par-kompaniju\/"]}]},{"@type":"BreadcrumbList","@id":"https:\/\/armet.lv\/par-kompaniju\/#breadcrumb","itemListElement":[{"@type":"ListItem","position":1,"name":"Home","item":"https:\/\/armet.lv\/"},{"@type":"ListItem","position":2,"name":"Par kompaniju"}]},{"@type":"WebSite","@id":"https:\/\/armet.lv\/en\/#website","url":"https:\/\/armet.lv\/en\/","name":"Armet","description":"","publisher":{"@id":"https:\/\/armet.lv\/en\/#organization"},"potentialAction":[{"@type":"SearchAction","target":{"@type":"EntryPoint","urlTemplate":"https:\/\/armet.lv\/en\/?s={search_term_string}"},"query-input":{"@type":"PropertyValueSpecification","valueRequired":true,"valueName":"search_term_string"}}],"inLanguage":"en-GB"},{"@type":"Organization","@id":"https:\/\/armet.lv\/en\/#organization","name":"Armet","url":"https:\/\/armet.lv\/en\/","logo":{"@type":"ImageObject","inLanguage":"en-GB","@id":"https:\/\/armet.lv\/en\/#\/schema\/logo\/image\/","url":"https:\/\/armet.lv\/wp-content\/uploads\/2025\/02\/Asset-2.svg","contentUrl":"https:\/\/armet.lv\/wp-content\/uploads\/2025\/02\/Asset-2.svg","width":552,"height":268,"caption":"Armet"},"image":{"@id":"https:\/\/armet.lv\/en\/#\/schema\/logo\/image\/"}}]}},"_links":{"self":[{"href":"https:\/\/armet.lv\/en\/wp-json\/wp\/v2\/pages\/8647","targetHints":{"allow":["GET"]}}],"collection":[{"href":"https:\/\/armet.lv\/en\/wp-json\/wp\/v2\/pages"}],"about":[{"href":"https:\/\/armet.lv\/en\/wp-json\/wp\/v2\/types\/page"}],"author":[{"embeddable":true,"href":"https:\/\/armet.lv\/en\/wp-json\/wp\/v2\/users\/1"}],"replies":[{"embeddable":true,"href":"https:\/\/armet.lv\/en\/wp-json\/wp\/v2\/comments?post=8647"}],"version-history":[{"count":24,"href":"https:\/\/armet.lv\/en\/wp-json\/wp\/v2\/pages\/8647\/revisions"}],"predecessor-version":[{"id":15272,"href":"https:\/\/armet.lv\/en\/wp-json\/wp\/v2\/pages\/8647\/revisions\/15272"}],"wp:attachment":[{"href":"https:\/\/armet.lv\/en\/wp-json\/wp\/v2\/media?parent=8647"}],"curies":[{"name":"wp","href":"https:\/\/api.w.org\/{rel}","templated":true}]}}