{"id":8645,"date":"2022-05-14T09:59:27","date_gmt":"2022-05-14T06:59:27","guid":{"rendered":"https:\/\/armet.lv\/?page_id=8645"},"modified":"2025-03-24T10:58:11","modified_gmt":"2025-03-24T07:58:11","slug":"pakalpojumi","status":"publish","type":"page","link":"https:\/\/armet.lv\/en\/pakalpojumi\/","title":{"rendered":"Services"},"content":{"rendered":"<div data-elementor-type=\"wp-page\" data-elementor-id=\"8645\" class=\"elementor elementor-8645\" data-elementor-post-type=\"page\">\n\t\t\t\t\t\t<section class=\"wd-negative-gap elementor-section elementor-top-section elementor-element elementor-element-a109fed wd-section-stretch elementor-section-boxed elementor-section-height-default elementor-section-height-default\" data-id=\"a109fed\" data-element_type=\"section\" data-settings=\"{&quot;background_background&quot;:&quot;classic&quot;}\">\n\t\t\t\t\t\t<div class=\"elementor-container elementor-column-gap-default\">\n\t\t\t\t\t<div class=\"elementor-column elementor-col-33 elementor-top-column elementor-element elementor-element-873a13a\" data-id=\"873a13a\" data-element_type=\"column\">\n\t\t\t<div class=\"elementor-widget-wrap elementor-element-populated\">\n\t\t\t\t\t\t<div class=\"elementor-element elementor-element-a58c230 elementor-widget elementor-widget-wd_banner\" data-id=\"a58c230\" data-element_type=\"widget\" data-widget_type=\"wd_banner.default\">\n\t\t\t\t<div class=\"elementor-widget-container\">\n\t\t\t\t\t\t\t<div class=\"promo-banner-wrapper\">\n\t\t\t<div class=\"promo-banner banner-default banner-hover-zoom color-scheme-light banner-btn-size-default banner-btn-style-default wd-with-link\">\n\t\t\t\t<div class=\"main-wrapp-img\">\n\t\t\t\t\t<div class=\"banner-image\">\n\t\t\t\t\t\t\t\t\t\t\t\t\t\t\t\t\t\t\t\t\t<img fetchpriority=\"high\" decoding=\"async\" width=\"370\" height=\"500\" src=\"https:\/\/armet.lv\/wp-content\/uploads\/2022\/05\/group-44.webp\" class=\"attachment-full size-full\" alt=\"Met\u0101lkonstrukcijas izgatavo\u0161ana pakalpojumi\" srcset=\"https:\/\/armet.lv\/wp-content\/uploads\/2022\/05\/group-44.webp 370w, https:\/\/armet.lv\/wp-content\/uploads\/2022\/05\/group-44-150x203.webp 150w, https:\/\/armet.lv\/wp-content\/uploads\/2022\/05\/group-44-222x300.webp 222w\" sizes=\"(max-width: 370px) 100vw, 370px\" \/>\t\t\t\t\t\t\t\t\t\t\t\t\t\t\t\t\t\t<\/div>\n\t\t\t\t<\/div>\n\n\t\t\t\t<div class=\"wrapper-content-banner wd-fill wd-items-bottom wd-justify-left\">\n\t\t\t\t\t<div class=\"content-banner  text-left\">\n\t\t\t\t\t\t\n\t\t\t\t\t\t\t\t\t\t\t\t\t<h4 class=\"banner-title wd-fontsize-l\" data-elementor-setting-key=\"title\">\n\t\t\t\t\t\t\t\tMetal structures<br \/>\n\t\t\t\t\t\t\t<\/h4>\n\t\t\t\t\t\t\n\t\t\t\t\t\t\t\t\t\t\t\t\t<div class=\"banner-inner reset-last-child wd-fontsize-xs\" data-elementor-setting-key=\"content\">\n\t\t\t\t\t\t\t\t<p style=\"font-weight: 400;\">Uz\u0146\u0113mums SIA Armet izgatavo da\u017e\u0101du veidu, noz\u012bmes un sare\u017e\u0123\u012bt\u012bbas met\u0101lkonstrukcijas.<\/p>\n\t\t\t\t\t\t\t<\/div>\n\t\t\t\t\t\t\n\t\t\t\t\t\t\n\t\t\t\t\t\t\t\t\t\t\t<\/div>\n\t\t\t\t<\/div>\n\n\t\t\t\t\t\t\t\t\t<a href=\"https:\/\/armet.lv\/en\/pakalpojumi\/metalkonstrukcijas\/\" class=\"wd-promo-banner-link wd-fill\" aria-label=\"Banner link\"><\/a>\n\t\t\t\t\t\t\t<\/div>\n\t\t<\/div>\n\t\t\t\t\t\t<\/div>\n\t\t\t\t<\/div>\n\t\t\t\t\t<\/div>\n\t\t<\/div>\n\t\t\t\t<div class=\"elementor-column elementor-col-33 elementor-top-column elementor-element elementor-element-a350db0\" data-id=\"a350db0\" data-element_type=\"column\">\n\t\t\t<div class=\"elementor-widget-wrap elementor-element-populated\">\n\t\t\t\t\t\t<div class=\"elementor-element elementor-element-9f46973 elementor-widget elementor-widget-wd_banner\" data-id=\"9f46973\" data-element_type=\"widget\" data-widget_type=\"wd_banner.default\">\n\t\t\t\t<div class=\"elementor-widget-container\">\n\t\t\t\t\t\t\t<div class=\"promo-banner-wrapper\">\n\t\t\t<div class=\"promo-banner banner-default banner-hover-zoom color-scheme-light banner-btn-size-default banner-btn-style-default wd-with-link\">\n\t\t\t\t<div class=\"main-wrapp-img\">\n\t\t\t\t\t<div class=\"banner-image\">\n\t\t\t\t\t\t\t\t\t\t\t\t\t\t\t\t\t\t\t\t\t<img decoding=\"async\" width=\"370\" height=\"500\" src=\"https:\/\/armet.lv\/wp-content\/uploads\/2022\/05\/group-42.webp\" class=\"attachment-full size-full\" alt=\"Produktu pieg\u0101de pakalpojumi\" srcset=\"https:\/\/armet.lv\/wp-content\/uploads\/2022\/05\/group-42.webp 370w, https:\/\/armet.lv\/wp-content\/uploads\/2022\/05\/group-42-150x203.webp 150w, https:\/\/armet.lv\/wp-content\/uploads\/2022\/05\/group-42-222x300.webp 222w\" sizes=\"(max-width: 370px) 100vw, 370px\" \/>\t\t\t\t\t\t\t\t\t\t\t\t\t\t\t\t\t\t<\/div>\n\t\t\t\t<\/div>\n\n\t\t\t\t<div class=\"wrapper-content-banner wd-fill wd-items-bottom wd-justify-left\">\n\t\t\t\t\t<div class=\"content-banner  text-left\">\n\t\t\t\t\t\t\n\t\t\t\t\t\t\t\t\t\t\t\t\t<h4 class=\"banner-title wd-fontsize-l\" data-elementor-setting-key=\"title\">\n\t\t\t\t\t\t\t\tProduct delivery\t\t\t\t\t\t\t<\/h4>\n\t\t\t\t\t\t\n\t\t\t\t\t\t\t\t\t\t\t\t\t<div class=\"banner-inner reset-last-child wd-fontsize-xs\" data-elementor-setting-key=\"content\">\n\t\t\t\t\t\t\t\t<p style=\"font-weight: 400;\">We deliver materials to specified addresses in Latvia and beyond.<\/p>\n\t\t\t\t\t\t\t<\/div>\n\t\t\t\t\t\t\n\t\t\t\t\t\t\n\t\t\t\t\t\t\t\t\t\t\t<\/div>\n\t\t\t\t<\/div>\n\n\t\t\t\t\t\t\t\t\t<a href=\"https:\/\/armet.lv\/en\/pakalpojumi\/produktu-piegade\/\" class=\"wd-promo-banner-link wd-fill\" aria-label=\"Banner link\"><\/a>\n\t\t\t\t\t\t\t<\/div>\n\t\t<\/div>\n\t\t\t\t\t\t<\/div>\n\t\t\t\t<\/div>\n\t\t\t\t\t<\/div>\n\t\t<\/div>\n\t\t\t\t<div class=\"elementor-column elementor-col-33 elementor-top-column elementor-element elementor-element-90b3d15\" data-id=\"90b3d15\" data-element_type=\"column\">\n\t\t\t<div class=\"elementor-widget-wrap elementor-element-populated\">\n\t\t\t\t\t\t<div class=\"elementor-element elementor-element-c454f99 elementor-widget elementor-widget-wd_banner\" data-id=\"c454f99\" data-element_type=\"widget\" data-widget_type=\"wd_banner.default\">\n\t\t\t\t<div class=\"elementor-widget-container\">\n\t\t\t\t\t\t\t<div class=\"promo-banner-wrapper\">\n\t\t\t<div class=\"promo-banner banner-default banner-hover-zoom color-scheme-light banner-btn-size-default banner-btn-style-default wd-with-link\">\n\t\t\t\t<div class=\"main-wrapp-img\">\n\t\t\t\t\t<div class=\"banner-image\">\n\t\t\t\t\t\t\t\t\t\t\t\t\t\t\t\t\t\t\t\t\t<img decoding=\"async\" width=\"370\" height=\"500\" src=\"https:\/\/armet.lv\/wp-content\/uploads\/2022\/05\/group-46.png\" class=\"attachment-full size-full\" alt=\"Met\u0101la grie\u0161anas pakalpojumi\" srcset=\"https:\/\/armet.lv\/wp-content\/uploads\/2022\/05\/group-46.png 370w, https:\/\/armet.lv\/wp-content\/uploads\/2022\/05\/group-46-150x203.png 150w, https:\/\/armet.lv\/wp-content\/uploads\/2022\/05\/group-46-222x300.png 222w\" sizes=\"(max-width: 370px) 100vw, 370px\" \/>\t\t\t\t\t\t\t\t\t\t\t\t\t\t\t\t\t\t<\/div>\n\t\t\t\t<\/div>\n\n\t\t\t\t<div class=\"wrapper-content-banner wd-fill wd-items-bottom wd-justify-left\">\n\t\t\t\t\t<div class=\"content-banner  text-left\">\n\t\t\t\t\t\t\n\t\t\t\t\t\t\t\t\t\t\t\t\t<h4 class=\"banner-title wd-fontsize-l\" data-elementor-setting-key=\"title\">\n\t\t\t\t\t\t\t\tMetal cutting\t\t\t\t\t\t\t<\/h4>\n\t\t\t\t\t\t\n\t\t\t\t\t\t\t\t\t\t\t\t\t<div class=\"banner-inner reset-last-child wd-fontsize-xs\" data-elementor-setting-key=\"content\">\n\t\t\t\t\t\t\t\t<div class=\"yslygi-block\">\n<div class=\"yslygi-block-text\">\n<p style=\"font-weight: 400;\">We cut materials to the dimensions you need.<\/p>\n<\/div>\n<\/div>\n\t\t\t\t\t\t\t<\/div>\n\t\t\t\t\t\t\n\t\t\t\t\t\t\n\t\t\t\t\t\t\t\t\t\t\t<\/div>\n\t\t\t\t<\/div>\n\n\t\t\t\t\t\t\t\t\t<a href=\"https:\/\/armet.lv\/en\/pakalpojumi\/metala-griesanas-darbi\/\" class=\"wd-promo-banner-link wd-fill\" aria-label=\"Banner link\"><\/a>\n\t\t\t\t\t\t\t<\/div>\n\t\t<\/div>\n\t\t\t\t\t\t<\/div>\n\t\t\t\t<\/div>\n\t\t\t\t\t<\/div>\n\t\t<\/div>\n\t\t\t\t\t<\/div>\n\t\t<\/section>\n\t\t\t\t<section class=\"wd-negative-gap elementor-section elementor-top-section elementor-element elementor-element-fb35a32 wd-section-stretch elementor-section-boxed elementor-section-height-default elementor-section-height-default\" data-id=\"fb35a32\" data-element_type=\"section\" data-settings=\"{&quot;background_background&quot;:&quot;classic&quot;}\">\n\t\t\t\t\t\t<div class=\"elementor-container elementor-column-gap-default\">\n\t\t\t\t\t<div class=\"elementor-column elementor-col-33 elementor-top-column elementor-element elementor-element-d260e77\" data-id=\"d260e77\" data-element_type=\"column\">\n\t\t\t<div class=\"elementor-widget-wrap elementor-element-populated\">\n\t\t\t\t\t\t<div class=\"elementor-element elementor-element-cf554bc elementor-widget elementor-widget-wd_banner\" data-id=\"cf554bc\" data-element_type=\"widget\" data-widget_type=\"wd_banner.default\">\n\t\t\t\t<div class=\"elementor-widget-container\">\n\t\t\t\t\t\t\t<div class=\"promo-banner-wrapper\">\n\t\t\t<div class=\"promo-banner banner-default banner-hover-zoom color-scheme-light banner-btn-size-default banner-btn-style-default wd-with-link\">\n\t\t\t\t<div class=\"main-wrapp-img\">\n\t\t\t\t\t<div class=\"banner-image\">\n\t\t\t\t\t\t\t\t\t\t\t\t\t\t\t\t\t\t\t\t\t<img loading=\"lazy\" decoding=\"async\" width=\"370\" height=\"500\" src=\"https:\/\/armet.lv\/wp-content\/uploads\/2022\/09\/frame-1.webp\" class=\"attachment-full size-full\" alt=\"Mont\u0101\u017ea pakalpojumi\" srcset=\"https:\/\/armet.lv\/wp-content\/uploads\/2022\/09\/frame-1.webp 370w, https:\/\/armet.lv\/wp-content\/uploads\/2022\/09\/frame-1-222x300.webp 222w, https:\/\/armet.lv\/wp-content\/uploads\/2022\/09\/frame-1-9x12.webp 9w, https:\/\/armet.lv\/wp-content\/uploads\/2022\/09\/frame-1-150x203.webp 150w\" sizes=\"(max-width: 370px) 100vw, 370px\" \/>\t\t\t\t\t\t\t\t\t\t\t\t\t\t\t\t\t\t<\/div>\n\t\t\t\t<\/div>\n\n\t\t\t\t<div class=\"wrapper-content-banner wd-fill wd-items-bottom wd-justify-left\">\n\t\t\t\t\t<div class=\"content-banner  text-left\">\n\t\t\t\t\t\t\n\t\t\t\t\t\t\t\t\t\t\t\t\t<h4 class=\"banner-title wd-fontsize-l\" data-elementor-setting-key=\"title\">\n\t\t\t\t\t\t\t\tInstallation\t\t\t\t\t\t\t<\/h4>\n\t\t\t\t\t\t\n\t\t\t\t\t\t\t\t\t\t\t\t\t<div class=\"banner-inner reset-last-child wd-fontsize-xs\" data-elementor-setting-key=\"content\">\n\t\t\t\t\t\t\t\t<p style=\"font-weight: 400;\">Uz\u0146\u0113mums Armet veic jebk\u0101das sare\u017e\u0123\u012bt\u012bbas pak\u0101pes mont\u0101\u017eas darbus.<\/p>\n\t\t\t\t\t\t\t<\/div>\n\t\t\t\t\t\t\n\t\t\t\t\t\t\n\t\t\t\t\t\t\t\t\t\t\t<\/div>\n\t\t\t\t<\/div>\n\n\t\t\t\t\t\t\t\t\t<a href=\"https:\/\/armet.lv\/en\/pakalpojumi\/montaza\/\" class=\"wd-promo-banner-link wd-fill\" aria-label=\"Banner link\"><\/a>\n\t\t\t\t\t\t\t<\/div>\n\t\t<\/div>\n\t\t\t\t\t\t<\/div>\n\t\t\t\t<\/div>\n\t\t\t\t\t<\/div>\n\t\t<\/div>\n\t\t\t\t<div class=\"elementor-column elementor-col-33 elementor-top-column elementor-element elementor-element-d3a1099\" data-id=\"d3a1099\" data-element_type=\"column\">\n\t\t\t<div class=\"elementor-widget-wrap elementor-element-populated\">\n\t\t\t\t\t\t<div class=\"elementor-element elementor-element-30735a5 elementor-widget elementor-widget-wd_banner\" data-id=\"30735a5\" data-element_type=\"widget\" data-widget_type=\"wd_banner.default\">\n\t\t\t\t<div class=\"elementor-widget-container\">\n\t\t\t\t\t\t\t<div class=\"promo-banner-wrapper\">\n\t\t\t<div class=\"promo-banner banner-default banner-hover-zoom color-scheme-light banner-btn-size-default banner-btn-style-default wd-with-link\">\n\t\t\t\t<div class=\"main-wrapp-img\">\n\t\t\t\t\t<div class=\"banner-image\">\n\t\t\t\t\t\t\t\t\t\t\t\t\t\t\t\t\t\t\t\t\t<img loading=\"lazy\" decoding=\"async\" width=\"370\" height=\"500\" src=\"https:\/\/armet.lv\/wp-content\/uploads\/2022\/09\/frame-2.webp\" class=\"attachment-full size-full\" alt=\"CNC plazmas grie\u0161ana pakalpojumi\" srcset=\"https:\/\/armet.lv\/wp-content\/uploads\/2022\/09\/frame-2.webp 370w, https:\/\/armet.lv\/wp-content\/uploads\/2022\/09\/frame-2-222x300.webp 222w, https:\/\/armet.lv\/wp-content\/uploads\/2022\/09\/frame-2-9x12.webp 9w, https:\/\/armet.lv\/wp-content\/uploads\/2022\/09\/frame-2-150x203.webp 150w\" sizes=\"(max-width: 370px) 100vw, 370px\" \/>\t\t\t\t\t\t\t\t\t\t\t\t\t\t\t\t\t\t<\/div>\n\t\t\t\t<\/div>\n\n\t\t\t\t<div class=\"wrapper-content-banner wd-fill wd-items-bottom wd-justify-left\">\n\t\t\t\t\t<div class=\"content-banner  text-left\">\n\t\t\t\t\t\t\n\t\t\t\t\t\t\t\t\t\t\t\t\t<h4 class=\"banner-title wd-fontsize-l\" data-elementor-setting-key=\"title\">\n\t\t\t\t\t\t\t\tCNC plasma cutting\t\t\t\t\t\t\t<\/h4>\n\t\t\t\t\t\t\n\t\t\t\t\t\t\t\t\t\t\t\t\t<div class=\"banner-inner reset-last-child wd-fontsize-xs\" data-elementor-setting-key=\"content\">\n\t\t\t\t\t\t\t\t<p style=\"font-weight: 400;\">Uz\u0146\u0113mums Armet pied\u0101v\u0101 saviem klientiem lok\u0161\u0146u met\u0101lgrie\u0161anas pakalpojumus uz CNC plazmas darbagalda.<\/p>\n\t\t\t\t\t\t\t<\/div>\n\t\t\t\t\t\t\n\t\t\t\t\t\t\n\t\t\t\t\t\t\t\t\t\t\t<\/div>\n\t\t\t\t<\/div>\n\n\t\t\t\t\t\t\t\t\t<a href=\"https:\/\/armet.lv\/en\/pakalpojumi\/cnc-plazmas-griesana\/\" class=\"wd-promo-banner-link wd-fill\" aria-label=\"Banner link\"><\/a>\n\t\t\t\t\t\t\t<\/div>\n\t\t<\/div>\n\t\t\t\t\t\t<\/div>\n\t\t\t\t<\/div>\n\t\t\t\t\t<\/div>\n\t\t<\/div>\n\t\t\t\t<div class=\"elementor-column elementor-col-33 elementor-top-column elementor-element elementor-element-92f6bce\" data-id=\"92f6bce\" data-element_type=\"column\">\n\t\t\t<div class=\"elementor-widget-wrap\">\n\t\t\t\t\t\t\t<\/div>\n\t\t<\/div>\n\t\t\t\t\t<\/div>\n\t\t<\/section>\n\t\t\t\t<\/div>","protected":false},"excerpt":{"rendered":"<p>Met\u0101lkonstrukcijas Uz\u0146\u0113mums SIA Armet izgatavo da\u017e\u0101du veidu, noz\u012bmes un sare\u017e\u0123\u012bt\u012bbas met\u0101lkonstrukcijas. Produkta pieg\u0101de Pieg\u0101d\u0101jam materi\u0101lus uz nor\u0101d\u012bto adresi Latvij\u0101 un<\/p>","protected":false},"author":1,"featured_media":0,"parent":0,"menu_order":0,"comment_status":"closed","ping_status":"closed","template":"","meta":{"footnotes":""},"class_list":["post-8645","page","type-page","status-publish","hentry"],"yoast_head":"<!-- This site is optimized with the Yoast SEO plugin v27.0 - https:\/\/yoast.com\/product\/yoast-seo-wordpress\/ -->\n<title>Pakalpojumi - Armet<\/title>\n<meta name=\"description\" content=\"M\u016bsu pakalpojumi: CNC plazmas grie\u0161ana, Met\u0101lkonstrukcijas izgatavo\u0161ana, Produktu pieg\u0101de, Met\u0101la grie\u0161anas darbi, Mont\u0101\u017ea\" \/>\n<meta name=\"robots\" content=\"index, follow, max-snippet:-1, max-image-preview:large, max-video-preview:-1\" \/>\n<link rel=\"canonical\" href=\"https:\/\/armet.lv\/en\/pakalpojumi\/\" \/>\n<meta property=\"og:locale\" content=\"en_GB\" \/>\n<meta property=\"og:type\" content=\"article\" \/>\n<meta property=\"og:title\" content=\"Pakalpojumi - Armet\" \/>\n<meta property=\"og:description\" content=\"M\u016bsu pakalpojumi: CNC plazmas grie\u0161ana, Met\u0101lkonstrukcijas izgatavo\u0161ana, Produktu pieg\u0101de, Met\u0101la grie\u0161anas darbi, Mont\u0101\u017ea\" \/>\n<meta property=\"og:url\" content=\"https:\/\/armet.lv\/en\/pakalpojumi\/\" \/>\n<meta property=\"og:site_name\" content=\"Armet\" \/>\n<meta property=\"article:modified_time\" content=\"2025-03-24T07:58:11+00:00\" \/>\n<meta property=\"og:image\" content=\"https:\/\/armet.lv\/wp-content\/uploads\/2022\/05\/group-44.webp\" \/>\n<meta name=\"twitter:card\" content=\"summary_large_image\" \/>\n<meta name=\"twitter:label1\" content=\"Estimated reading time\" \/>\n\t<meta name=\"twitter:data1\" content=\"2 minutes\" \/>\n<script type=\"application\/ld+json\" class=\"yoast-schema-graph\">{\"@context\":\"https:\/\/schema.org\",\"@graph\":[{\"@type\":\"WebPage\",\"@id\":\"https:\/\/armet.lv\/pakalpojumi\/\",\"url\":\"https:\/\/armet.lv\/pakalpojumi\/\",\"name\":\"Pakalpojumi - Armet\",\"isPartOf\":{\"@id\":\"https:\/\/armet.lv\/en\/#website\"},\"primaryImageOfPage\":{\"@id\":\"https:\/\/armet.lv\/pakalpojumi\/#primaryimage\"},\"image\":{\"@id\":\"https:\/\/armet.lv\/pakalpojumi\/#primaryimage\"},\"thumbnailUrl\":\"https:\/\/armet.lv\/wp-content\/uploads\/2022\/05\/group-44.webp\",\"datePublished\":\"2022-05-14T06:59:27+00:00\",\"dateModified\":\"2025-03-24T07:58:11+00:00\",\"description\":\"M\u016bsu pakalpojumi: CNC plazmas grie\u0161ana, Met\u0101lkonstrukcijas izgatavo\u0161ana, Produktu pieg\u0101de, Met\u0101la grie\u0161anas darbi, Mont\u0101\u017ea\",\"breadcrumb\":{\"@id\":\"https:\/\/armet.lv\/pakalpojumi\/#breadcrumb\"},\"inLanguage\":\"en-GB\",\"potentialAction\":[{\"@type\":\"ReadAction\",\"target\":[\"https:\/\/armet.lv\/pakalpojumi\/\"]}]},{\"@type\":\"ImageObject\",\"inLanguage\":\"en-GB\",\"@id\":\"https:\/\/armet.lv\/pakalpojumi\/#primaryimage\",\"url\":\"https:\/\/armet.lv\/wp-content\/uploads\/2022\/05\/group-44.webp\",\"contentUrl\":\"https:\/\/armet.lv\/wp-content\/uploads\/2022\/05\/group-44.webp\"},{\"@type\":\"BreadcrumbList\",\"@id\":\"https:\/\/armet.lv\/pakalpojumi\/#breadcrumb\",\"itemListElement\":[{\"@type\":\"ListItem\",\"position\":1,\"name\":\"Home\",\"item\":\"https:\/\/armet.lv\/\"},{\"@type\":\"ListItem\",\"position\":2,\"name\":\"Pakalpojumi\"}]},{\"@type\":\"WebSite\",\"@id\":\"https:\/\/armet.lv\/en\/#website\",\"url\":\"https:\/\/armet.lv\/en\/\",\"name\":\"Armet\",\"description\":\"\",\"publisher\":{\"@id\":\"https:\/\/armet.lv\/en\/#organization\"},\"potentialAction\":[{\"@type\":\"SearchAction\",\"target\":{\"@type\":\"EntryPoint\",\"urlTemplate\":\"https:\/\/armet.lv\/en\/?s={search_term_string}\"},\"query-input\":{\"@type\":\"PropertyValueSpecification\",\"valueRequired\":true,\"valueName\":\"search_term_string\"}}],\"inLanguage\":\"en-GB\"},{\"@type\":\"Organization\",\"@id\":\"https:\/\/armet.lv\/en\/#organization\",\"name\":\"Armet\",\"url\":\"https:\/\/armet.lv\/en\/\",\"logo\":{\"@type\":\"ImageObject\",\"inLanguage\":\"en-GB\",\"@id\":\"https:\/\/armet.lv\/en\/#\/schema\/logo\/image\/\",\"url\":\"https:\/\/armet.lv\/wp-content\/uploads\/2025\/02\/Asset-2.svg\",\"contentUrl\":\"https:\/\/armet.lv\/wp-content\/uploads\/2025\/02\/Asset-2.svg\",\"width\":552,\"height\":268,\"caption\":\"Armet\"},\"image\":{\"@id\":\"https:\/\/armet.lv\/en\/#\/schema\/logo\/image\/\"}}]}<\/script>\n<!-- \/ Yoast SEO plugin. -->","yoast_head_json":{"title":"Pakalpojumi - Armet","description":"M\u016bsu pakalpojumi: CNC plazmas grie\u0161ana, Met\u0101lkonstrukcijas izgatavo\u0161ana, Produktu pieg\u0101de, Met\u0101la grie\u0161anas darbi, Mont\u0101\u017ea","robots":{"index":"index","follow":"follow","max-snippet":"max-snippet:-1","max-image-preview":"max-image-preview:large","max-video-preview":"max-video-preview:-1"},"canonical":"https:\/\/armet.lv\/en\/pakalpojumi\/","og_locale":"en_GB","og_type":"article","og_title":"Pakalpojumi - Armet","og_description":"M\u016bsu pakalpojumi: CNC plazmas grie\u0161ana, Met\u0101lkonstrukcijas izgatavo\u0161ana, Produktu pieg\u0101de, Met\u0101la grie\u0161anas darbi, Mont\u0101\u017ea","og_url":"https:\/\/armet.lv\/en\/pakalpojumi\/","og_site_name":"Armet","article_modified_time":"2025-03-24T07:58:11+00:00","og_image":[{"url":"https:\/\/armet.lv\/wp-content\/uploads\/2022\/05\/group-44.webp","type":"","width":"","height":""}],"twitter_card":"summary_large_image","twitter_misc":{"Estimated reading time":"2 minutes"},"schema":{"@context":"https:\/\/schema.org","@graph":[{"@type":"WebPage","@id":"https:\/\/armet.lv\/pakalpojumi\/","url":"https:\/\/armet.lv\/pakalpojumi\/","name":"Pakalpojumi - Armet","isPartOf":{"@id":"https:\/\/armet.lv\/en\/#website"},"primaryImageOfPage":{"@id":"https:\/\/armet.lv\/pakalpojumi\/#primaryimage"},"image":{"@id":"https:\/\/armet.lv\/pakalpojumi\/#primaryimage"},"thumbnailUrl":"https:\/\/armet.lv\/wp-content\/uploads\/2022\/05\/group-44.webp","datePublished":"2022-05-14T06:59:27+00:00","dateModified":"2025-03-24T07:58:11+00:00","description":"M\u016bsu pakalpojumi: CNC plazmas grie\u0161ana, Met\u0101lkonstrukcijas izgatavo\u0161ana, Produktu pieg\u0101de, Met\u0101la grie\u0161anas darbi, Mont\u0101\u017ea","breadcrumb":{"@id":"https:\/\/armet.lv\/pakalpojumi\/#breadcrumb"},"inLanguage":"en-GB","potentialAction":[{"@type":"ReadAction","target":["https:\/\/armet.lv\/pakalpojumi\/"]}]},{"@type":"ImageObject","inLanguage":"en-GB","@id":"https:\/\/armet.lv\/pakalpojumi\/#primaryimage","url":"https:\/\/armet.lv\/wp-content\/uploads\/2022\/05\/group-44.webp","contentUrl":"https:\/\/armet.lv\/wp-content\/uploads\/2022\/05\/group-44.webp"},{"@type":"BreadcrumbList","@id":"https:\/\/armet.lv\/pakalpojumi\/#breadcrumb","itemListElement":[{"@type":"ListItem","position":1,"name":"Home","item":"https:\/\/armet.lv\/"},{"@type":"ListItem","position":2,"name":"Pakalpojumi"}]},{"@type":"WebSite","@id":"https:\/\/armet.lv\/en\/#website","url":"https:\/\/armet.lv\/en\/","name":"Armet","description":"","publisher":{"@id":"https:\/\/armet.lv\/en\/#organization"},"potentialAction":[{"@type":"SearchAction","target":{"@type":"EntryPoint","urlTemplate":"https:\/\/armet.lv\/en\/?s={search_term_string}"},"query-input":{"@type":"PropertyValueSpecification","valueRequired":true,"valueName":"search_term_string"}}],"inLanguage":"en-GB"},{"@type":"Organization","@id":"https:\/\/armet.lv\/en\/#organization","name":"Armet","url":"https:\/\/armet.lv\/en\/","logo":{"@type":"ImageObject","inLanguage":"en-GB","@id":"https:\/\/armet.lv\/en\/#\/schema\/logo\/image\/","url":"https:\/\/armet.lv\/wp-content\/uploads\/2025\/02\/Asset-2.svg","contentUrl":"https:\/\/armet.lv\/wp-content\/uploads\/2025\/02\/Asset-2.svg","width":552,"height":268,"caption":"Armet"},"image":{"@id":"https:\/\/armet.lv\/en\/#\/schema\/logo\/image\/"}}]}},"_links":{"self":[{"href":"https:\/\/armet.lv\/en\/wp-json\/wp\/v2\/pages\/8645","targetHints":{"allow":["GET"]}}],"collection":[{"href":"https:\/\/armet.lv\/en\/wp-json\/wp\/v2\/pages"}],"about":[{"href":"https:\/\/armet.lv\/en\/wp-json\/wp\/v2\/types\/page"}],"author":[{"embeddable":true,"href":"https:\/\/armet.lv\/en\/wp-json\/wp\/v2\/users\/1"}],"replies":[{"embeddable":true,"href":"https:\/\/armet.lv\/en\/wp-json\/wp\/v2\/comments?post=8645"}],"version-history":[{"count":23,"href":"https:\/\/armet.lv\/en\/wp-json\/wp\/v2\/pages\/8645\/revisions"}],"predecessor-version":[{"id":15404,"href":"https:\/\/armet.lv\/en\/wp-json\/wp\/v2\/pages\/8645\/revisions\/15404"}],"wp:attachment":[{"href":"https:\/\/armet.lv\/en\/wp-json\/wp\/v2\/media?parent=8645"}],"curies":[{"name":"wp","href":"https:\/\/api.w.org\/{rel}","templated":true}]}}