{"id":13785,"date":"2022-09-03T14:09:27","date_gmt":"2022-09-03T11:09:27","guid":{"rendered":"https:\/\/armet.lv\/?page_id=13785"},"modified":"2025-03-24T10:59:57","modified_gmt":"2025-03-24T07:59:57","slug":"cnc-plazmas-griesana","status":"publish","type":"page","link":"https:\/\/armet.lv\/en\/pakalpojumi\/cnc-plazmas-griesana\/","title":{"rendered":"CNC plasma cutting"},"content":{"rendered":"<div data-elementor-type=\"wp-page\" data-elementor-id=\"13785\" class=\"elementor elementor-13785\" data-elementor-post-type=\"page\">\n\t\t\t\t\t\t<section class=\"wd-negative-gap elementor-section elementor-top-section elementor-element elementor-element-346a742 elementor-section-boxed elementor-section-height-default elementor-section-height-default\" data-id=\"346a742\" data-element_type=\"section\">\n\t\t\t\t\t\t<div class=\"elementor-container elementor-column-gap-default\">\n\t\t\t\t\t<div class=\"elementor-column elementor-col-100 elementor-top-column elementor-element elementor-element-846e0e5\" data-id=\"846e0e5\" data-element_type=\"column\">\n\t\t\t<div class=\"elementor-widget-wrap elementor-element-populated\">\n\t\t\t\t\t\t<div class=\"elementor-element elementor-element-2e85d93 color-scheme-inherit text-left elementor-widget elementor-widget-text-editor\" data-id=\"2e85d93\" data-element_type=\"widget\" data-widget_type=\"text-editor.default\">\n\t\t\t\t<div class=\"elementor-widget-container\">\n\t\t\t\t\t\t\t\t\t<p style=\"font-weight: 400;\">Uz\u0146\u0113mums Armet pied\u0101v\u0101 saviem klientiem lok\u0161\u0146u met\u0101la grie\u0161anas pakalpojumus uz CNC plazmas darbagalda. Darbagalda virsmas plat\u012bba 2600*12 000mm.\u00a0<br \/>Plasma cutter:<\/p><ul style=\"font-weight: 400;\"><li>min. material thickness: 1 mm;<\/li><li>max. material thickness: 60 mm.<\/li><\/ul><p style=\"font-weight: 400;\">Gas cutter:<\/p><ul style=\"font-weight: 400;\"><li>max. material thickness: 400 mm.<\/li><\/ul><p style=\"font-weight: 400;\">We can also label the finished parts. We will prepare the parts you need, ensuring quality and speed. Please e-mail your queries to\u00a0<a href=\"mailto:plazma@armet.lv\"><strong>plazma@armet.lv<\/strong><\/a>.<\/p>\t\t\t\t\t\t\t\t<\/div>\n\t\t\t\t<\/div>\n\t\t\t\t<div class=\"elementor-element elementor-element-c3e6ace elementor-widget elementor-widget-button\" data-id=\"c3e6ace\" data-element_type=\"widget\" data-widget_type=\"button.default\">\n\t\t\t\t<div class=\"elementor-widget-container\">\n\t\t\t\t\t\t\t\t\t<div class=\"elementor-button-wrapper\">\n\t\t\t\t\t<a class=\"elementor-button elementor-button-link elementor-size-sm\" href=\"#elementor-action%3Aaction%3Dpopup%3Aopen%26settings%3DeyJpZCI6IjExMDYxIiwidG9nZ2xlIjpmYWxzZX0%3D\">\n\t\t\t\t\t\t<span class=\"elementor-button-content-wrapper\">\n\t\t\t\t\t\t\t\t\t<span class=\"elementor-button-text\">SEND A REQUEST<\/span>\n\t\t\t\t\t<\/span>\n\t\t\t\t\t<\/a>\n\t\t\t\t<\/div>\n\t\t\t\t\t\t\t\t<\/div>\n\t\t\t\t<\/div>\n\t\t\t\t\t<\/div>\n\t\t<\/div>\n\t\t\t\t\t<\/div>\n\t\t<\/section>\n\t\t\t\t<\/div>","protected":false},"excerpt":{"rendered":"<p>Uz\u0146\u0113mums Armet pied\u0101v\u0101 saviem klientiem lok\u0161\u0146u met\u0101la grie\u0161anas pakalpojumus uz CNC plazmas darbagalda. Darbagalda virsmas plat\u012bba 2600*12 000mm.\u00a0Plazmas grieznis: min.<\/p>","protected":false},"author":1,"featured_media":0,"parent":8645,"menu_order":0,"comment_status":"closed","ping_status":"closed","template":"","meta":{"footnotes":""},"class_list":["post-13785","page","type-page","status-publish","hentry"],"yoast_head":"<!-- This site is optimized with the Yoast SEO plugin v27.0 - https:\/\/yoast.com\/product\/yoast-seo-wordpress\/ -->\n<title>Plazmas grie\u0161ana - Armet<\/title>\n<meta name=\"description\" content=\"Uz\u0146\u0113mums Armet Baltic pied\u0101v\u0101 saviem klientiem lok\u0161\u0146u met\u0101la grie\u0161ana pakalpojumus uz CNC plazmas darbagalda.\" \/>\n<meta name=\"robots\" content=\"index, follow, max-snippet:-1, max-image-preview:large, max-video-preview:-1\" \/>\n<link rel=\"canonical\" href=\"https:\/\/armet.lv\/en\/pakalpojumi\/cnc-plazmas-griesana\/\" \/>\n<meta property=\"og:locale\" content=\"en_GB\" \/>\n<meta property=\"og:type\" content=\"article\" \/>\n<meta property=\"og:title\" content=\"Plazmas grie\u0161ana - Armet\" \/>\n<meta property=\"og:description\" content=\"Uz\u0146\u0113mums Armet Baltic pied\u0101v\u0101 saviem klientiem lok\u0161\u0146u met\u0101la grie\u0161ana pakalpojumus uz CNC plazmas darbagalda.\" \/>\n<meta property=\"og:url\" content=\"https:\/\/armet.lv\/en\/pakalpojumi\/cnc-plazmas-griesana\/\" \/>\n<meta property=\"og:site_name\" content=\"Armet\" \/>\n<meta property=\"article:modified_time\" content=\"2025-03-24T07:59:57+00:00\" \/>\n<meta name=\"twitter:card\" content=\"summary_large_image\" \/>\n<script type=\"application\/ld+json\" class=\"yoast-schema-graph\">{\"@context\":\"https:\/\/schema.org\",\"@graph\":[{\"@type\":\"WebPage\",\"@id\":\"https:\/\/armet.lv\/pakalpojumi\/cnc-plazmas-griesana\/\",\"url\":\"https:\/\/armet.lv\/pakalpojumi\/cnc-plazmas-griesana\/\",\"name\":\"Plazmas grie\u0161ana - Armet\",\"isPartOf\":{\"@id\":\"https:\/\/armet.lv\/en\/#website\"},\"datePublished\":\"2022-09-03T11:09:27+00:00\",\"dateModified\":\"2025-03-24T07:59:57+00:00\",\"description\":\"Uz\u0146\u0113mums Armet Baltic pied\u0101v\u0101 saviem klientiem lok\u0161\u0146u met\u0101la grie\u0161ana pakalpojumus uz CNC plazmas darbagalda.\",\"breadcrumb\":{\"@id\":\"https:\/\/armet.lv\/pakalpojumi\/cnc-plazmas-griesana\/#breadcrumb\"},\"inLanguage\":\"en-GB\",\"potentialAction\":[{\"@type\":\"ReadAction\",\"target\":[\"https:\/\/armet.lv\/pakalpojumi\/cnc-plazmas-griesana\/\"]}]},{\"@type\":\"BreadcrumbList\",\"@id\":\"https:\/\/armet.lv\/pakalpojumi\/cnc-plazmas-griesana\/#breadcrumb\",\"itemListElement\":[{\"@type\":\"ListItem\",\"position\":1,\"name\":\"Home\",\"item\":\"https:\/\/armet.lv\/\"},{\"@type\":\"ListItem\",\"position\":2,\"name\":\"Pakalpojumi\",\"item\":\"https:\/\/armet.lv\/pakalpojumi\/\"},{\"@type\":\"ListItem\",\"position\":3,\"name\":\"CNC plazmas grie\u0161ana\"}]},{\"@type\":\"WebSite\",\"@id\":\"https:\/\/armet.lv\/en\/#website\",\"url\":\"https:\/\/armet.lv\/en\/\",\"name\":\"Armet\",\"description\":\"\",\"publisher\":{\"@id\":\"https:\/\/armet.lv\/en\/#organization\"},\"potentialAction\":[{\"@type\":\"SearchAction\",\"target\":{\"@type\":\"EntryPoint\",\"urlTemplate\":\"https:\/\/armet.lv\/en\/?s={search_term_string}\"},\"query-input\":{\"@type\":\"PropertyValueSpecification\",\"valueRequired\":true,\"valueName\":\"search_term_string\"}}],\"inLanguage\":\"en-GB\"},{\"@type\":\"Organization\",\"@id\":\"https:\/\/armet.lv\/en\/#organization\",\"name\":\"Armet\",\"url\":\"https:\/\/armet.lv\/en\/\",\"logo\":{\"@type\":\"ImageObject\",\"inLanguage\":\"en-GB\",\"@id\":\"https:\/\/armet.lv\/en\/#\/schema\/logo\/image\/\",\"url\":\"https:\/\/armet.lv\/wp-content\/uploads\/2025\/02\/Asset-2.svg\",\"contentUrl\":\"https:\/\/armet.lv\/wp-content\/uploads\/2025\/02\/Asset-2.svg\",\"width\":552,\"height\":268,\"caption\":\"Armet\"},\"image\":{\"@id\":\"https:\/\/armet.lv\/en\/#\/schema\/logo\/image\/\"}}]}<\/script>\n<!-- \/ Yoast SEO plugin. -->","yoast_head_json":{"title":"Plazmas grie\u0161ana - Armet","description":"Uz\u0146\u0113mums Armet Baltic pied\u0101v\u0101 saviem klientiem lok\u0161\u0146u met\u0101la grie\u0161ana pakalpojumus uz CNC plazmas darbagalda.","robots":{"index":"index","follow":"follow","max-snippet":"max-snippet:-1","max-image-preview":"max-image-preview:large","max-video-preview":"max-video-preview:-1"},"canonical":"https:\/\/armet.lv\/en\/pakalpojumi\/cnc-plazmas-griesana\/","og_locale":"en_GB","og_type":"article","og_title":"Plazmas grie\u0161ana - Armet","og_description":"Uz\u0146\u0113mums Armet Baltic pied\u0101v\u0101 saviem klientiem lok\u0161\u0146u met\u0101la grie\u0161ana pakalpojumus uz CNC plazmas darbagalda.","og_url":"https:\/\/armet.lv\/en\/pakalpojumi\/cnc-plazmas-griesana\/","og_site_name":"Armet","article_modified_time":"2025-03-24T07:59:57+00:00","twitter_card":"summary_large_image","schema":{"@context":"https:\/\/schema.org","@graph":[{"@type":"WebPage","@id":"https:\/\/armet.lv\/pakalpojumi\/cnc-plazmas-griesana\/","url":"https:\/\/armet.lv\/pakalpojumi\/cnc-plazmas-griesana\/","name":"Plazmas grie\u0161ana - Armet","isPartOf":{"@id":"https:\/\/armet.lv\/en\/#website"},"datePublished":"2022-09-03T11:09:27+00:00","dateModified":"2025-03-24T07:59:57+00:00","description":"Uz\u0146\u0113mums Armet Baltic pied\u0101v\u0101 saviem klientiem lok\u0161\u0146u met\u0101la grie\u0161ana pakalpojumus uz CNC plazmas darbagalda.","breadcrumb":{"@id":"https:\/\/armet.lv\/pakalpojumi\/cnc-plazmas-griesana\/#breadcrumb"},"inLanguage":"en-GB","potentialAction":[{"@type":"ReadAction","target":["https:\/\/armet.lv\/pakalpojumi\/cnc-plazmas-griesana\/"]}]},{"@type":"BreadcrumbList","@id":"https:\/\/armet.lv\/pakalpojumi\/cnc-plazmas-griesana\/#breadcrumb","itemListElement":[{"@type":"ListItem","position":1,"name":"Home","item":"https:\/\/armet.lv\/"},{"@type":"ListItem","position":2,"name":"Pakalpojumi","item":"https:\/\/armet.lv\/pakalpojumi\/"},{"@type":"ListItem","position":3,"name":"CNC plazmas grie\u0161ana"}]},{"@type":"WebSite","@id":"https:\/\/armet.lv\/en\/#website","url":"https:\/\/armet.lv\/en\/","name":"Armet","description":"","publisher":{"@id":"https:\/\/armet.lv\/en\/#organization"},"potentialAction":[{"@type":"SearchAction","target":{"@type":"EntryPoint","urlTemplate":"https:\/\/armet.lv\/en\/?s={search_term_string}"},"query-input":{"@type":"PropertyValueSpecification","valueRequired":true,"valueName":"search_term_string"}}],"inLanguage":"en-GB"},{"@type":"Organization","@id":"https:\/\/armet.lv\/en\/#organization","name":"Armet","url":"https:\/\/armet.lv\/en\/","logo":{"@type":"ImageObject","inLanguage":"en-GB","@id":"https:\/\/armet.lv\/en\/#\/schema\/logo\/image\/","url":"https:\/\/armet.lv\/wp-content\/uploads\/2025\/02\/Asset-2.svg","contentUrl":"https:\/\/armet.lv\/wp-content\/uploads\/2025\/02\/Asset-2.svg","width":552,"height":268,"caption":"Armet"},"image":{"@id":"https:\/\/armet.lv\/en\/#\/schema\/logo\/image\/"}}]}},"_links":{"self":[{"href":"https:\/\/armet.lv\/en\/wp-json\/wp\/v2\/pages\/13785","targetHints":{"allow":["GET"]}}],"collection":[{"href":"https:\/\/armet.lv\/en\/wp-json\/wp\/v2\/pages"}],"about":[{"href":"https:\/\/armet.lv\/en\/wp-json\/wp\/v2\/types\/page"}],"author":[{"embeddable":true,"href":"https:\/\/armet.lv\/en\/wp-json\/wp\/v2\/users\/1"}],"replies":[{"embeddable":true,"href":"https:\/\/armet.lv\/en\/wp-json\/wp\/v2\/comments?post=13785"}],"version-history":[{"count":14,"href":"https:\/\/armet.lv\/en\/wp-json\/wp\/v2\/pages\/13785\/revisions"}],"predecessor-version":[{"id":15416,"href":"https:\/\/armet.lv\/en\/wp-json\/wp\/v2\/pages\/13785\/revisions\/15416"}],"up":[{"embeddable":true,"href":"https:\/\/armet.lv\/en\/wp-json\/wp\/v2\/pages\/8645"}],"wp:attachment":[{"href":"https:\/\/armet.lv\/en\/wp-json\/wp\/v2\/media?parent=13785"}],"curies":[{"name":"wp","href":"https:\/\/api.w.org\/{rel}","templated":true}]}}