{"id":13771,"date":"2022-09-03T14:02:56","date_gmt":"2022-09-03T11:02:56","guid":{"rendered":"https:\/\/armet.lv\/?page_id=13771"},"modified":"2025-03-24T10:59:39","modified_gmt":"2025-03-24T07:59:39","slug":"montaza","status":"publish","type":"page","link":"https:\/\/armet.lv\/en\/pakalpojumi\/montaza\/","title":{"rendered":"Installation"},"content":{"rendered":"<div data-elementor-type=\"wp-page\" data-elementor-id=\"13771\" class=\"elementor elementor-13771\" data-elementor-post-type=\"page\">\n\t\t\t\t\t\t<section class=\"wd-negative-gap elementor-section elementor-top-section elementor-element elementor-element-d612238 elementor-section-boxed elementor-section-height-default elementor-section-height-default\" data-id=\"d612238\" data-element_type=\"section\">\n\t\t\t\t\t\t<div class=\"elementor-container elementor-column-gap-default\">\n\t\t\t\t\t<div class=\"elementor-column elementor-col-100 elementor-top-column elementor-element elementor-element-11e4044\" data-id=\"11e4044\" data-element_type=\"column\">\n\t\t\t<div class=\"elementor-widget-wrap elementor-element-populated\">\n\t\t\t\t\t\t<div class=\"elementor-element elementor-element-2d2d3bd color-scheme-inherit text-left elementor-widget elementor-widget-text-editor\" data-id=\"2d2d3bd\" data-element_type=\"widget\" data-widget_type=\"text-editor.default\">\n\t\t\t\t<div class=\"elementor-widget-container\">\n\t\t\t\t\t\t\t\t\t<p style=\"font-weight: 400;\">Uz\u0146\u0113mums Armet veic jebk\u0101das sare\u017e\u0123\u012bt\u012bbas pak\u0101pes mont\u0101\u017eas darbus. M\u016bsu speci\u0101listiem ir liela pieredze neso\u0161o celtniec\u012bbas konstrukciju, celt\u0146u, ku\u0123u iekrau\u0161anas iek\u0101rtu un citas lielizm\u0113ra tehnikas mont\u0101\u017e\u0101. Darbus veicam gan Latvij\u0101, gan ar\u012b aiz t\u0101s robe\u017e\u0101m. Visos j\u016bs interes\u0113jo\u0161os jaut\u0101jumos aicin\u0101m sazin\u0101ties ar m\u016bsu speci\u0101listiem pa t\u0101lruni <a href=\"tel:+37124422757\"><strong>+37124422757<\/strong><\/a>\u00a0or e-mail them:\u00a0<a href=\"mailto:montaza@armet.lv\"><strong>montaza@armet.lv<\/strong><\/a><u>.<\/u><\/p>\t\t\t\t\t\t\t\t<\/div>\n\t\t\t\t<\/div>\n\t\t\t\t<div class=\"elementor-element elementor-element-4116053 elementor-widget elementor-widget-button\" data-id=\"4116053\" data-element_type=\"widget\" data-widget_type=\"button.default\">\n\t\t\t\t<div class=\"elementor-widget-container\">\n\t\t\t\t\t\t\t\t\t<div class=\"elementor-button-wrapper\">\n\t\t\t\t\t<a class=\"elementor-button elementor-button-link elementor-size-sm\" href=\"#elementor-action%3Aaction%3Dpopup%3Aopen%26settings%3DeyJpZCI6IjExMDYxIiwidG9nZ2xlIjpmYWxzZX0%3D\">\n\t\t\t\t\t\t<span class=\"elementor-button-content-wrapper\">\n\t\t\t\t\t\t\t\t\t<span class=\"elementor-button-text\">SEND A REQUEST<\/span>\n\t\t\t\t\t<\/span>\n\t\t\t\t\t<\/a>\n\t\t\t\t<\/div>\n\t\t\t\t\t\t\t\t<\/div>\n\t\t\t\t<\/div>\n\t\t\t\t\t<\/div>\n\t\t<\/div>\n\t\t\t\t\t<\/div>\n\t\t<\/section>\n\t\t\t\t<\/div>","protected":false},"excerpt":{"rendered":"<p>Uz\u0146\u0113mums Armet veic jebk\u0101das sare\u017e\u0123\u012bt\u012bbas pak\u0101pes mont\u0101\u017eas darbus. M\u016bsu speci\u0101listiem ir liela pieredze neso\u0161o celtniec\u012bbas konstrukciju, celt\u0146u, ku\u0123u iekrau\u0161anas iek\u0101rtu<\/p>","protected":false},"author":1,"featured_media":0,"parent":8645,"menu_order":0,"comment_status":"closed","ping_status":"closed","template":"","meta":{"footnotes":""},"class_list":["post-13771","page","type-page","status-publish","hentry"],"yoast_head":"<!-- This site is optimized with the Yoast SEO plugin v27.0 - https:\/\/yoast.com\/product\/yoast-seo-wordpress\/ -->\n<title>Met\u0101la konstrukciju mont\u0101\u017ea - Armet<\/title>\n<meta name=\"description\" content=\"M\u016bsu speci\u0101listiem ir liela pieredze neso\u0161o celtniec\u012bbas konstrukciju, celt\u0146u, ku\u0123u iekrau\u0161anas iek\u0101rtu un citas met\u0101la konstrukciju mont\u0101\u017ea.\" \/>\n<meta name=\"robots\" content=\"index, follow, max-snippet:-1, max-image-preview:large, max-video-preview:-1\" \/>\n<link rel=\"canonical\" href=\"https:\/\/armet.lv\/en\/pakalpojumi\/montaza\/\" \/>\n<meta property=\"og:locale\" content=\"en_GB\" \/>\n<meta property=\"og:type\" content=\"article\" \/>\n<meta property=\"og:title\" content=\"Met\u0101la konstrukciju mont\u0101\u017ea - Armet\" \/>\n<meta property=\"og:description\" content=\"M\u016bsu speci\u0101listiem ir liela pieredze neso\u0161o celtniec\u012bbas konstrukciju, celt\u0146u, ku\u0123u iekrau\u0161anas iek\u0101rtu un citas met\u0101la konstrukciju mont\u0101\u017ea.\" \/>\n<meta property=\"og:url\" content=\"https:\/\/armet.lv\/en\/pakalpojumi\/montaza\/\" \/>\n<meta property=\"og:site_name\" content=\"Armet\" \/>\n<meta property=\"article:modified_time\" content=\"2025-03-24T07:59:39+00:00\" \/>\n<meta name=\"twitter:card\" content=\"summary_large_image\" \/>\n<meta name=\"twitter:label1\" content=\"Estimated reading time\" \/>\n\t<meta name=\"twitter:data1\" content=\"1 minute\" \/>\n<script type=\"application\/ld+json\" class=\"yoast-schema-graph\">{\"@context\":\"https:\/\/schema.org\",\"@graph\":[{\"@type\":\"WebPage\",\"@id\":\"https:\/\/armet.lv\/pakalpojumi\/montaza\/\",\"url\":\"https:\/\/armet.lv\/pakalpojumi\/montaza\/\",\"name\":\"Met\u0101la konstrukciju mont\u0101\u017ea - Armet\",\"isPartOf\":{\"@id\":\"https:\/\/armet.lv\/en\/#website\"},\"datePublished\":\"2022-09-03T11:02:56+00:00\",\"dateModified\":\"2025-03-24T07:59:39+00:00\",\"description\":\"M\u016bsu speci\u0101listiem ir liela pieredze neso\u0161o celtniec\u012bbas konstrukciju, celt\u0146u, ku\u0123u iekrau\u0161anas iek\u0101rtu un citas met\u0101la konstrukciju mont\u0101\u017ea.\",\"breadcrumb\":{\"@id\":\"https:\/\/armet.lv\/pakalpojumi\/montaza\/#breadcrumb\"},\"inLanguage\":\"en-GB\",\"potentialAction\":[{\"@type\":\"ReadAction\",\"target\":[\"https:\/\/armet.lv\/pakalpojumi\/montaza\/\"]}]},{\"@type\":\"BreadcrumbList\",\"@id\":\"https:\/\/armet.lv\/pakalpojumi\/montaza\/#breadcrumb\",\"itemListElement\":[{\"@type\":\"ListItem\",\"position\":1,\"name\":\"Home\",\"item\":\"https:\/\/armet.lv\/\"},{\"@type\":\"ListItem\",\"position\":2,\"name\":\"Pakalpojumi\",\"item\":\"https:\/\/armet.lv\/pakalpojumi\/\"},{\"@type\":\"ListItem\",\"position\":3,\"name\":\"Mont\u0101\u017ea\"}]},{\"@type\":\"WebSite\",\"@id\":\"https:\/\/armet.lv\/en\/#website\",\"url\":\"https:\/\/armet.lv\/en\/\",\"name\":\"Armet\",\"description\":\"\",\"publisher\":{\"@id\":\"https:\/\/armet.lv\/en\/#organization\"},\"potentialAction\":[{\"@type\":\"SearchAction\",\"target\":{\"@type\":\"EntryPoint\",\"urlTemplate\":\"https:\/\/armet.lv\/en\/?s={search_term_string}\"},\"query-input\":{\"@type\":\"PropertyValueSpecification\",\"valueRequired\":true,\"valueName\":\"search_term_string\"}}],\"inLanguage\":\"en-GB\"},{\"@type\":\"Organization\",\"@id\":\"https:\/\/armet.lv\/en\/#organization\",\"name\":\"Armet\",\"url\":\"https:\/\/armet.lv\/en\/\",\"logo\":{\"@type\":\"ImageObject\",\"inLanguage\":\"en-GB\",\"@id\":\"https:\/\/armet.lv\/en\/#\/schema\/logo\/image\/\",\"url\":\"https:\/\/armet.lv\/wp-content\/uploads\/2025\/02\/Asset-2.svg\",\"contentUrl\":\"https:\/\/armet.lv\/wp-content\/uploads\/2025\/02\/Asset-2.svg\",\"width\":552,\"height\":268,\"caption\":\"Armet\"},\"image\":{\"@id\":\"https:\/\/armet.lv\/en\/#\/schema\/logo\/image\/\"}}]}<\/script>\n<!-- \/ Yoast SEO plugin. -->","yoast_head_json":{"title":"Met\u0101la konstrukciju mont\u0101\u017ea - Armet","description":"M\u016bsu speci\u0101listiem ir liela pieredze neso\u0161o celtniec\u012bbas konstrukciju, celt\u0146u, ku\u0123u iekrau\u0161anas iek\u0101rtu un citas met\u0101la konstrukciju mont\u0101\u017ea.","robots":{"index":"index","follow":"follow","max-snippet":"max-snippet:-1","max-image-preview":"max-image-preview:large","max-video-preview":"max-video-preview:-1"},"canonical":"https:\/\/armet.lv\/en\/pakalpojumi\/montaza\/","og_locale":"en_GB","og_type":"article","og_title":"Met\u0101la konstrukciju mont\u0101\u017ea - Armet","og_description":"M\u016bsu speci\u0101listiem ir liela pieredze neso\u0161o celtniec\u012bbas konstrukciju, celt\u0146u, ku\u0123u iekrau\u0161anas iek\u0101rtu un citas met\u0101la konstrukciju mont\u0101\u017ea.","og_url":"https:\/\/armet.lv\/en\/pakalpojumi\/montaza\/","og_site_name":"Armet","article_modified_time":"2025-03-24T07:59:39+00:00","twitter_card":"summary_large_image","twitter_misc":{"Estimated reading time":"1 minute"},"schema":{"@context":"https:\/\/schema.org","@graph":[{"@type":"WebPage","@id":"https:\/\/armet.lv\/pakalpojumi\/montaza\/","url":"https:\/\/armet.lv\/pakalpojumi\/montaza\/","name":"Met\u0101la konstrukciju mont\u0101\u017ea - Armet","isPartOf":{"@id":"https:\/\/armet.lv\/en\/#website"},"datePublished":"2022-09-03T11:02:56+00:00","dateModified":"2025-03-24T07:59:39+00:00","description":"M\u016bsu speci\u0101listiem ir liela pieredze neso\u0161o celtniec\u012bbas konstrukciju, celt\u0146u, ku\u0123u iekrau\u0161anas iek\u0101rtu un citas met\u0101la konstrukciju mont\u0101\u017ea.","breadcrumb":{"@id":"https:\/\/armet.lv\/pakalpojumi\/montaza\/#breadcrumb"},"inLanguage":"en-GB","potentialAction":[{"@type":"ReadAction","target":["https:\/\/armet.lv\/pakalpojumi\/montaza\/"]}]},{"@type":"BreadcrumbList","@id":"https:\/\/armet.lv\/pakalpojumi\/montaza\/#breadcrumb","itemListElement":[{"@type":"ListItem","position":1,"name":"Home","item":"https:\/\/armet.lv\/"},{"@type":"ListItem","position":2,"name":"Pakalpojumi","item":"https:\/\/armet.lv\/pakalpojumi\/"},{"@type":"ListItem","position":3,"name":"Mont\u0101\u017ea"}]},{"@type":"WebSite","@id":"https:\/\/armet.lv\/en\/#website","url":"https:\/\/armet.lv\/en\/","name":"Armet","description":"","publisher":{"@id":"https:\/\/armet.lv\/en\/#organization"},"potentialAction":[{"@type":"SearchAction","target":{"@type":"EntryPoint","urlTemplate":"https:\/\/armet.lv\/en\/?s={search_term_string}"},"query-input":{"@type":"PropertyValueSpecification","valueRequired":true,"valueName":"search_term_string"}}],"inLanguage":"en-GB"},{"@type":"Organization","@id":"https:\/\/armet.lv\/en\/#organization","name":"Armet","url":"https:\/\/armet.lv\/en\/","logo":{"@type":"ImageObject","inLanguage":"en-GB","@id":"https:\/\/armet.lv\/en\/#\/schema\/logo\/image\/","url":"https:\/\/armet.lv\/wp-content\/uploads\/2025\/02\/Asset-2.svg","contentUrl":"https:\/\/armet.lv\/wp-content\/uploads\/2025\/02\/Asset-2.svg","width":552,"height":268,"caption":"Armet"},"image":{"@id":"https:\/\/armet.lv\/en\/#\/schema\/logo\/image\/"}}]}},"_links":{"self":[{"href":"https:\/\/armet.lv\/en\/wp-json\/wp\/v2\/pages\/13771","targetHints":{"allow":["GET"]}}],"collection":[{"href":"https:\/\/armet.lv\/en\/wp-json\/wp\/v2\/pages"}],"about":[{"href":"https:\/\/armet.lv\/en\/wp-json\/wp\/v2\/types\/page"}],"author":[{"embeddable":true,"href":"https:\/\/armet.lv\/en\/wp-json\/wp\/v2\/users\/1"}],"replies":[{"embeddable":true,"href":"https:\/\/armet.lv\/en\/wp-json\/wp\/v2\/comments?post=13771"}],"version-history":[{"count":17,"href":"https:\/\/armet.lv\/en\/wp-json\/wp\/v2\/pages\/13771\/revisions"}],"predecessor-version":[{"id":15413,"href":"https:\/\/armet.lv\/en\/wp-json\/wp\/v2\/pages\/13771\/revisions\/15413"}],"up":[{"embeddable":true,"href":"https:\/\/armet.lv\/en\/wp-json\/wp\/v2\/pages\/8645"}],"wp:attachment":[{"href":"https:\/\/armet.lv\/en\/wp-json\/wp\/v2\/media?parent=13771"}],"curies":[{"name":"wp","href":"https:\/\/api.w.org\/{rel}","templated":true}]}}