{"id":13759,"date":"2022-09-03T13:51:55","date_gmt":"2022-09-03T10:51:55","guid":{"rendered":"https:\/\/armet.lv\/?page_id=13759"},"modified":"2025-03-24T10:59:19","modified_gmt":"2025-03-24T07:59:19","slug":"metala-griesanas-darbi","status":"publish","type":"page","link":"https:\/\/armet.lv\/en\/pakalpojumi\/metala-griesanas-darbi\/","title":{"rendered":"Material cutting services"},"content":{"rendered":"<div data-elementor-type=\"wp-page\" data-elementor-id=\"13759\" class=\"elementor elementor-13759\" data-elementor-post-type=\"page\">\n\t\t\t\t\t\t<section class=\"wd-negative-gap elementor-section elementor-top-section elementor-element elementor-element-c8b12f0 elementor-section-boxed elementor-section-height-default elementor-section-height-default\" data-id=\"c8b12f0\" data-element_type=\"section\">\n\t\t\t\t\t\t<div class=\"elementor-container elementor-column-gap-default\">\n\t\t\t\t\t<div class=\"elementor-column elementor-col-100 elementor-top-column elementor-element elementor-element-b4500f3\" data-id=\"b4500f3\" data-element_type=\"column\">\n\t\t\t<div class=\"elementor-widget-wrap elementor-element-populated\">\n\t\t\t\t\t\t<div class=\"elementor-element elementor-element-7b0c9c0 color-scheme-inherit text-left elementor-widget elementor-widget-text-editor\" data-id=\"7b0c9c0\" data-element_type=\"widget\" data-widget_type=\"text-editor.default\">\n\t\t\t\t<div class=\"elementor-widget-container\">\n\t\t\t\t\t\t\t\t\t<p>Uz\u0146\u0113mums Armet pied\u0101v\u0101 materi\u0101lu grie\u0161anu p\u0113c J\u016bsu izmeriem.<\/p><p>We cut with gas and with a band saw.<\/p>\t\t\t\t\t\t\t\t<\/div>\n\t\t\t\t<\/div>\n\t\t\t\t<div class=\"elementor-element elementor-element-fce570a elementor-widget elementor-widget-button\" data-id=\"fce570a\" data-element_type=\"widget\" data-widget_type=\"button.default\">\n\t\t\t\t<div class=\"elementor-widget-container\">\n\t\t\t\t\t\t\t\t\t<div class=\"elementor-button-wrapper\">\n\t\t\t\t\t<a class=\"elementor-button elementor-button-link elementor-size-sm\" href=\"#elementor-action%3Aaction%3Dpopup%3Aopen%26settings%3DeyJpZCI6IjExMDYxIiwidG9nZ2xlIjpmYWxzZX0%3D\">\n\t\t\t\t\t\t<span class=\"elementor-button-content-wrapper\">\n\t\t\t\t\t\t\t\t\t<span class=\"elementor-button-text\">SEND A REQUEST<\/span>\n\t\t\t\t\t<\/span>\n\t\t\t\t\t<\/a>\n\t\t\t\t<\/div>\n\t\t\t\t\t\t\t\t<\/div>\n\t\t\t\t<\/div>\n\t\t\t\t\t<\/div>\n\t\t<\/div>\n\t\t\t\t\t<\/div>\n\t\t<\/section>\n\t\t\t\t<\/div>","protected":false},"excerpt":{"rendered":"<p>Uz\u0146\u0113mums Armet pied\u0101v\u0101 materi\u0101lu grie\u0161anu p\u0113c J\u016bsu izmeriem. Grie\u017eam ar g\u0101zi un ar lentz\u0101\u0123i. Atst\u0101t pieteikumu<\/p>","protected":false},"author":1,"featured_media":0,"parent":8645,"menu_order":0,"comment_status":"closed","ping_status":"closed","template":"","meta":{"footnotes":""},"class_list":["post-13759","page","type-page","status-publish","hentry"],"yoast_head":"<!-- This site is optimized with the Yoast SEO plugin v27.0 - https:\/\/yoast.com\/product\/yoast-seo-wordpress\/ -->\n<title>Met\u0101la grie\u0161ana - Armet<\/title>\n<meta name=\"description\" content=\"Uz\u0146\u0113mums Armet Baltic pied\u0101v\u0101 materi\u0101lu grie\u0161anas pakalpojumus ar da\u017e\u0101du grie\u0161anas precizit\u0101ti. Atst\u0101t pieteikumu\" \/>\n<meta name=\"robots\" content=\"index, follow, max-snippet:-1, max-image-preview:large, max-video-preview:-1\" \/>\n<link rel=\"canonical\" href=\"https:\/\/armet.lv\/en\/pakalpojumi\/metala-griesanas-darbi\/\" \/>\n<meta property=\"og:locale\" content=\"en_GB\" \/>\n<meta property=\"og:type\" content=\"article\" \/>\n<meta property=\"og:title\" content=\"Met\u0101la grie\u0161ana - Armet\" \/>\n<meta property=\"og:description\" content=\"Uz\u0146\u0113mums Armet Baltic pied\u0101v\u0101 materi\u0101lu grie\u0161anas pakalpojumus ar da\u017e\u0101du grie\u0161anas precizit\u0101ti. Atst\u0101t pieteikumu\" \/>\n<meta property=\"og:url\" content=\"https:\/\/armet.lv\/en\/pakalpojumi\/metala-griesanas-darbi\/\" \/>\n<meta property=\"og:site_name\" content=\"Armet\" \/>\n<meta property=\"article:modified_time\" content=\"2025-03-24T07:59:19+00:00\" \/>\n<meta name=\"twitter:card\" content=\"summary_large_image\" \/>\n<meta name=\"twitter:label1\" content=\"Estimated reading time\" \/>\n\t<meta name=\"twitter:data1\" content=\"1 minute\" \/>\n<script type=\"application\/ld+json\" class=\"yoast-schema-graph\">{\"@context\":\"https:\/\/schema.org\",\"@graph\":[{\"@type\":\"WebPage\",\"@id\":\"https:\/\/armet.lv\/pakalpojumi\/metala-griesanas-darbi\/\",\"url\":\"https:\/\/armet.lv\/pakalpojumi\/metala-griesanas-darbi\/\",\"name\":\"Met\u0101la grie\u0161ana - Armet\",\"isPartOf\":{\"@id\":\"https:\/\/armet.lv\/en\/#website\"},\"datePublished\":\"2022-09-03T10:51:55+00:00\",\"dateModified\":\"2025-03-24T07:59:19+00:00\",\"description\":\"Uz\u0146\u0113mums Armet Baltic pied\u0101v\u0101 materi\u0101lu grie\u0161anas pakalpojumus ar da\u017e\u0101du grie\u0161anas precizit\u0101ti. Atst\u0101t pieteikumu\",\"breadcrumb\":{\"@id\":\"https:\/\/armet.lv\/pakalpojumi\/metala-griesanas-darbi\/#breadcrumb\"},\"inLanguage\":\"en-GB\",\"potentialAction\":[{\"@type\":\"ReadAction\",\"target\":[\"https:\/\/armet.lv\/pakalpojumi\/metala-griesanas-darbi\/\"]}]},{\"@type\":\"BreadcrumbList\",\"@id\":\"https:\/\/armet.lv\/pakalpojumi\/metala-griesanas-darbi\/#breadcrumb\",\"itemListElement\":[{\"@type\":\"ListItem\",\"position\":1,\"name\":\"Home\",\"item\":\"https:\/\/armet.lv\/\"},{\"@type\":\"ListItem\",\"position\":2,\"name\":\"Pakalpojumi\",\"item\":\"https:\/\/armet.lv\/pakalpojumi\/\"},{\"@type\":\"ListItem\",\"position\":3,\"name\":\"Met\u0101la grie\u0161anas darbi\"}]},{\"@type\":\"WebSite\",\"@id\":\"https:\/\/armet.lv\/en\/#website\",\"url\":\"https:\/\/armet.lv\/en\/\",\"name\":\"Armet\",\"description\":\"\",\"publisher\":{\"@id\":\"https:\/\/armet.lv\/en\/#organization\"},\"potentialAction\":[{\"@type\":\"SearchAction\",\"target\":{\"@type\":\"EntryPoint\",\"urlTemplate\":\"https:\/\/armet.lv\/en\/?s={search_term_string}\"},\"query-input\":{\"@type\":\"PropertyValueSpecification\",\"valueRequired\":true,\"valueName\":\"search_term_string\"}}],\"inLanguage\":\"en-GB\"},{\"@type\":\"Organization\",\"@id\":\"https:\/\/armet.lv\/en\/#organization\",\"name\":\"Armet\",\"url\":\"https:\/\/armet.lv\/en\/\",\"logo\":{\"@type\":\"ImageObject\",\"inLanguage\":\"en-GB\",\"@id\":\"https:\/\/armet.lv\/en\/#\/schema\/logo\/image\/\",\"url\":\"https:\/\/armet.lv\/wp-content\/uploads\/2025\/02\/Asset-2.svg\",\"contentUrl\":\"https:\/\/armet.lv\/wp-content\/uploads\/2025\/02\/Asset-2.svg\",\"width\":552,\"height\":268,\"caption\":\"Armet\"},\"image\":{\"@id\":\"https:\/\/armet.lv\/en\/#\/schema\/logo\/image\/\"}}]}<\/script>\n<!-- \/ Yoast SEO plugin. -->","yoast_head_json":{"title":"Met\u0101la grie\u0161ana - Armet","description":"Uz\u0146\u0113mums Armet Baltic pied\u0101v\u0101 materi\u0101lu grie\u0161anas pakalpojumus ar da\u017e\u0101du grie\u0161anas precizit\u0101ti. Atst\u0101t pieteikumu","robots":{"index":"index","follow":"follow","max-snippet":"max-snippet:-1","max-image-preview":"max-image-preview:large","max-video-preview":"max-video-preview:-1"},"canonical":"https:\/\/armet.lv\/en\/pakalpojumi\/metala-griesanas-darbi\/","og_locale":"en_GB","og_type":"article","og_title":"Met\u0101la grie\u0161ana - Armet","og_description":"Uz\u0146\u0113mums Armet Baltic pied\u0101v\u0101 materi\u0101lu grie\u0161anas pakalpojumus ar da\u017e\u0101du grie\u0161anas precizit\u0101ti. Atst\u0101t pieteikumu","og_url":"https:\/\/armet.lv\/en\/pakalpojumi\/metala-griesanas-darbi\/","og_site_name":"Armet","article_modified_time":"2025-03-24T07:59:19+00:00","twitter_card":"summary_large_image","twitter_misc":{"Estimated reading time":"1 minute"},"schema":{"@context":"https:\/\/schema.org","@graph":[{"@type":"WebPage","@id":"https:\/\/armet.lv\/pakalpojumi\/metala-griesanas-darbi\/","url":"https:\/\/armet.lv\/pakalpojumi\/metala-griesanas-darbi\/","name":"Met\u0101la grie\u0161ana - Armet","isPartOf":{"@id":"https:\/\/armet.lv\/en\/#website"},"datePublished":"2022-09-03T10:51:55+00:00","dateModified":"2025-03-24T07:59:19+00:00","description":"Uz\u0146\u0113mums Armet Baltic pied\u0101v\u0101 materi\u0101lu grie\u0161anas pakalpojumus ar da\u017e\u0101du grie\u0161anas precizit\u0101ti. Atst\u0101t pieteikumu","breadcrumb":{"@id":"https:\/\/armet.lv\/pakalpojumi\/metala-griesanas-darbi\/#breadcrumb"},"inLanguage":"en-GB","potentialAction":[{"@type":"ReadAction","target":["https:\/\/armet.lv\/pakalpojumi\/metala-griesanas-darbi\/"]}]},{"@type":"BreadcrumbList","@id":"https:\/\/armet.lv\/pakalpojumi\/metala-griesanas-darbi\/#breadcrumb","itemListElement":[{"@type":"ListItem","position":1,"name":"Home","item":"https:\/\/armet.lv\/"},{"@type":"ListItem","position":2,"name":"Pakalpojumi","item":"https:\/\/armet.lv\/pakalpojumi\/"},{"@type":"ListItem","position":3,"name":"Met\u0101la grie\u0161anas darbi"}]},{"@type":"WebSite","@id":"https:\/\/armet.lv\/en\/#website","url":"https:\/\/armet.lv\/en\/","name":"Armet","description":"","publisher":{"@id":"https:\/\/armet.lv\/en\/#organization"},"potentialAction":[{"@type":"SearchAction","target":{"@type":"EntryPoint","urlTemplate":"https:\/\/armet.lv\/en\/?s={search_term_string}"},"query-input":{"@type":"PropertyValueSpecification","valueRequired":true,"valueName":"search_term_string"}}],"inLanguage":"en-GB"},{"@type":"Organization","@id":"https:\/\/armet.lv\/en\/#organization","name":"Armet","url":"https:\/\/armet.lv\/en\/","logo":{"@type":"ImageObject","inLanguage":"en-GB","@id":"https:\/\/armet.lv\/en\/#\/schema\/logo\/image\/","url":"https:\/\/armet.lv\/wp-content\/uploads\/2025\/02\/Asset-2.svg","contentUrl":"https:\/\/armet.lv\/wp-content\/uploads\/2025\/02\/Asset-2.svg","width":552,"height":268,"caption":"Armet"},"image":{"@id":"https:\/\/armet.lv\/en\/#\/schema\/logo\/image\/"}}]}},"_links":{"self":[{"href":"https:\/\/armet.lv\/en\/wp-json\/wp\/v2\/pages\/13759","targetHints":{"allow":["GET"]}}],"collection":[{"href":"https:\/\/armet.lv\/en\/wp-json\/wp\/v2\/pages"}],"about":[{"href":"https:\/\/armet.lv\/en\/wp-json\/wp\/v2\/types\/page"}],"author":[{"embeddable":true,"href":"https:\/\/armet.lv\/en\/wp-json\/wp\/v2\/users\/1"}],"replies":[{"embeddable":true,"href":"https:\/\/armet.lv\/en\/wp-json\/wp\/v2\/comments?post=13759"}],"version-history":[{"count":14,"href":"https:\/\/armet.lv\/en\/wp-json\/wp\/v2\/pages\/13759\/revisions"}],"predecessor-version":[{"id":15410,"href":"https:\/\/armet.lv\/en\/wp-json\/wp\/v2\/pages\/13759\/revisions\/15410"}],"up":[{"embeddable":true,"href":"https:\/\/armet.lv\/en\/wp-json\/wp\/v2\/pages\/8645"}],"wp:attachment":[{"href":"https:\/\/armet.lv\/en\/wp-json\/wp\/v2\/media?parent=13759"}],"curies":[{"name":"wp","href":"https:\/\/api.w.org\/{rel}","templated":true}]}}