{"id":11145,"date":"2022-05-21T13:26:04","date_gmt":"2022-05-21T10:26:04","guid":{"rendered":"https:\/\/armet.lv\/?page_id=11145"},"modified":"2023-05-10T10:06:52","modified_gmt":"2023-05-10T07:06:52","slug":"metalkonstrukcijas","status":"publish","type":"page","link":"https:\/\/armet.lv\/en\/pakalpojumi\/metalkonstrukcijas\/","title":{"rendered":"Production of metal structures"},"content":{"rendered":"<div data-elementor-type=\"wp-page\" data-elementor-id=\"11145\" class=\"elementor elementor-11145\" data-elementor-post-type=\"page\">\n\t\t\t\t\t\t<section class=\"wd-negative-gap elementor-section elementor-top-section elementor-element elementor-element-67b671d2 elementor-section-boxed elementor-section-height-default elementor-section-height-default\" data-id=\"67b671d2\" data-element_type=\"section\">\n\t\t\t\t\t\t<div class=\"elementor-container elementor-column-gap-default\">\n\t\t\t\t\t<div class=\"elementor-column elementor-col-100 elementor-top-column elementor-element elementor-element-5023faa6\" data-id=\"5023faa6\" data-element_type=\"column\">\n\t\t\t<div class=\"elementor-widget-wrap elementor-element-populated\">\n\t\t\t\t\t\t<div class=\"elementor-element elementor-element-11e48f0e color-scheme-inherit text-left elementor-widget elementor-widget-text-editor\" data-id=\"11e48f0e\" data-element_type=\"widget\" data-widget_type=\"text-editor.default\">\n\t\t\t\t<div class=\"elementor-widget-container\">\n\t\t\t\t\t\t\t\t\t<p style=\"font-weight: 400;\">Uz\u0146\u0113mums Armet pied\u0101v\u0101 saviem klientiem met\u0101la konstrukciju izgatavo\u0161anu. Produkcija tiek izgatavota sertific\u0113t\u0101 ra\u017eotn\u0113 (EN1090 EXC3) un satur CE mar\u0137\u0113jumu. M\u016bsu uz\u0146\u0113mums ra\u017eo izstr\u0101d\u0101jumus gan no meln\u0101, gan ar\u012b ner\u016bs\u0113jo\u0161\u0101 t\u0113rauda. Uz\u0146\u0113mums Armet pied\u0101v\u0101 ar\u012b projekt\u0113t\u0101ja pakalpojumus j\u016bsu projektu detaliz\u0101cijai. Ir pieredze neso\u0161o b\u016bvkonstrukciju izgatavo\u0161an\u0101, k\u0101 ar\u012b ma\u0161\u012bnb\u016bv\u0113. Lai sa\u0146emtu m\u016bsu pied\u0101v\u0101jumu, aicin\u0101m ies\u016bt\u012bt piepras\u012bjumu, pielikum\u0101 nor\u0101dot tehniskos uzdevumus, uz m\u016bsu e-pastu <a href=\"mailto:info@armet.lv\"><strong>info@armet.lv<\/strong><\/a><u>.<\/u><\/p>\t\t\t\t\t\t\t\t<\/div>\n\t\t\t\t<\/div>\n\t\t\t\t<div class=\"elementor-element elementor-element-718095e color-scheme-inherit text-left elementor-widget elementor-widget-text-editor\" data-id=\"718095e\" data-element_type=\"widget\" data-widget_type=\"text-editor.default\">\n\t\t\t\t<div class=\"elementor-widget-container\">\n\t\t\t\t\t\t\t\t\t<p style=\"font-weight: 400;\">Uz\u0146\u0113mums SIA Armet izgatavo da\u017e\u0101du veidu, noz\u012bmes un sare\u017e\u0123\u012bt\u012bbas met\u0101lkonstrukcijas.<\/p><p style=\"font-weight: 400;\">The specialists of our modern production plant in Riga manufacture frames, columns, awnings, gates, stairs, fences, trusses, and many other types of metal structures. At the request of the client, we can also install the finished product on-site.<\/p><p style=\"font-weight: 400;\">To determine the price of your metal structures, please send a request to our e-mail, enclosing the drawings, and our managers will calculate an exact estimate, and then contact you to discuss our further work together.<\/p><p style=\"font-weight: 400;\"><strong>Advantages of metal structures in construction:<\/strong><\/p><ol style=\"font-weight: 400;\"><li>Reliability. Steel is highly resistant to environmental effects.<\/li><li>Low price. The price of a metal structure is much lower than that of other construction materials, which makes it possible to reduce the construction cost of industrial buildings.<\/li><li>Low weight. The low weight of the material speeds up the installation of the structures, while the building still gets high strength and stability.<\/li><li>No foundation. You do not need to build an expensive foundation to install metal structures.<\/li><\/ol><p style=\"font-weight: 400;\">Metal structures are frequently used in construction. The most common applications are in industrial and civil construction, in the manufacture of movable facilities, communication facilities and towers, suspension roofs, garages, etc. If you are looking to order metal structures, just call us, or send a request on our website!<\/p>\t\t\t\t\t\t\t\t<\/div>\n\t\t\t\t<\/div>\n\t\t\t\t<div class=\"elementor-element elementor-element-50c080d7 elementor-widget elementor-widget-button\" data-id=\"50c080d7\" data-element_type=\"widget\" data-widget_type=\"button.default\">\n\t\t\t\t<div class=\"elementor-widget-container\">\n\t\t\t\t\t\t\t\t\t<div class=\"elementor-button-wrapper\">\n\t\t\t\t\t<a class=\"elementor-button elementor-button-link elementor-size-sm\" href=\"#elementor-action%3Aaction%3Dpopup%3Aopen%26settings%3DeyJpZCI6IjExMDYxIiwidG9nZ2xlIjpmYWxzZX0%3D\">\n\t\t\t\t\t\t<span class=\"elementor-button-content-wrapper\">\n\t\t\t\t\t\t\t\t\t<span class=\"elementor-button-text\">SEND A REQUEST<\/span>\n\t\t\t\t\t<\/span>\n\t\t\t\t\t<\/a>\n\t\t\t\t<\/div>\n\t\t\t\t\t\t\t\t<\/div>\n\t\t\t\t<\/div>\n\t\t\t\t\t<\/div>\n\t\t<\/div>\n\t\t\t\t\t<\/div>\n\t\t<\/section>\n\t\t\t\t<\/div>","protected":false},"excerpt":{"rendered":"<p>Uz\u0146\u0113mums Armet pied\u0101v\u0101 saviem klientiem met\u0101la konstrukciju izgatavo\u0161anu. Produkcija tiek izgatavota sertific\u0113t\u0101 ra\u017eotn\u0113 (EN1090 EXC3) un satur CE mar\u0137\u0113jumu. M\u016bsu<\/p>","protected":false},"author":1,"featured_media":0,"parent":8645,"menu_order":0,"comment_status":"closed","ping_status":"closed","template":"","meta":{"footnotes":""},"class_list":["post-11145","page","type-page","status-publish","hentry"],"yoast_head":"<!-- This site is optimized with the Yoast SEO plugin v27.0 - https:\/\/yoast.com\/product\/yoast-seo-wordpress\/ -->\n<title>Met\u0101la konstrukciju izgatavo\u0161ana - Armet<\/title>\n<meta name=\"description\" content=\"Uz\u0146\u0113mums Armet Baltic pied\u0101v\u0101 saviem klientiem met\u0101la konstrukciju izgatavo\u0161ana. Produkcija tiek izgatavota sertific\u0113t\u0101 ra\u017eotn\u0113.\" \/>\n<meta name=\"robots\" content=\"index, follow, max-snippet:-1, max-image-preview:large, max-video-preview:-1\" \/>\n<link rel=\"canonical\" href=\"https:\/\/armet.lv\/en\/pakalpojumi\/metalkonstrukcijas\/\" \/>\n<meta property=\"og:locale\" content=\"en_GB\" \/>\n<meta property=\"og:type\" content=\"article\" \/>\n<meta property=\"og:title\" content=\"Met\u0101la konstrukciju izgatavo\u0161ana - Armet\" \/>\n<meta property=\"og:description\" content=\"Uz\u0146\u0113mums Armet Baltic pied\u0101v\u0101 saviem klientiem met\u0101la konstrukciju izgatavo\u0161ana. Produkcija tiek izgatavota sertific\u0113t\u0101 ra\u017eotn\u0113.\" \/>\n<meta property=\"og:url\" content=\"https:\/\/armet.lv\/en\/pakalpojumi\/metalkonstrukcijas\/\" \/>\n<meta property=\"og:site_name\" content=\"Armet\" \/>\n<meta property=\"article:modified_time\" content=\"2023-05-10T07:06:52+00:00\" \/>\n<meta name=\"twitter:card\" content=\"summary_large_image\" \/>\n<meta name=\"twitter:label1\" content=\"Estimated reading time\" \/>\n\t<meta name=\"twitter:data1\" content=\"2 minutes\" \/>\n<script type=\"application\/ld+json\" class=\"yoast-schema-graph\">{\"@context\":\"https:\/\/schema.org\",\"@graph\":[{\"@type\":\"WebPage\",\"@id\":\"https:\/\/armet.lv\/pakalpojumi\/metalkonstrukcijas\/\",\"url\":\"https:\/\/armet.lv\/pakalpojumi\/metalkonstrukcijas\/\",\"name\":\"Met\u0101la konstrukciju izgatavo\u0161ana - Armet\",\"isPartOf\":{\"@id\":\"https:\/\/armet.lv\/en\/#website\"},\"datePublished\":\"2022-05-21T10:26:04+00:00\",\"dateModified\":\"2023-05-10T07:06:52+00:00\",\"description\":\"Uz\u0146\u0113mums Armet Baltic pied\u0101v\u0101 saviem klientiem met\u0101la konstrukciju izgatavo\u0161ana. Produkcija tiek izgatavota sertific\u0113t\u0101 ra\u017eotn\u0113.\",\"breadcrumb\":{\"@id\":\"https:\/\/armet.lv\/pakalpojumi\/metalkonstrukcijas\/#breadcrumb\"},\"inLanguage\":\"en-GB\",\"potentialAction\":[{\"@type\":\"ReadAction\",\"target\":[\"https:\/\/armet.lv\/pakalpojumi\/metalkonstrukcijas\/\"]}]},{\"@type\":\"BreadcrumbList\",\"@id\":\"https:\/\/armet.lv\/pakalpojumi\/metalkonstrukcijas\/#breadcrumb\",\"itemListElement\":[{\"@type\":\"ListItem\",\"position\":1,\"name\":\"Home\",\"item\":\"https:\/\/armet.lv\/\"},{\"@type\":\"ListItem\",\"position\":2,\"name\":\"Pakalpojumi\",\"item\":\"https:\/\/armet.lv\/pakalpojumi\/\"},{\"@type\":\"ListItem\",\"position\":3,\"name\":\"Met\u0101la konstrukciju izgatavo\u0161ana\"}]},{\"@type\":\"WebSite\",\"@id\":\"https:\/\/armet.lv\/en\/#website\",\"url\":\"https:\/\/armet.lv\/en\/\",\"name\":\"Armet\",\"description\":\"\",\"publisher\":{\"@id\":\"https:\/\/armet.lv\/en\/#organization\"},\"potentialAction\":[{\"@type\":\"SearchAction\",\"target\":{\"@type\":\"EntryPoint\",\"urlTemplate\":\"https:\/\/armet.lv\/en\/?s={search_term_string}\"},\"query-input\":{\"@type\":\"PropertyValueSpecification\",\"valueRequired\":true,\"valueName\":\"search_term_string\"}}],\"inLanguage\":\"en-GB\"},{\"@type\":\"Organization\",\"@id\":\"https:\/\/armet.lv\/en\/#organization\",\"name\":\"Armet\",\"url\":\"https:\/\/armet.lv\/en\/\",\"logo\":{\"@type\":\"ImageObject\",\"inLanguage\":\"en-GB\",\"@id\":\"https:\/\/armet.lv\/en\/#\/schema\/logo\/image\/\",\"url\":\"https:\/\/armet.lv\/wp-content\/uploads\/2025\/02\/Asset-2.svg\",\"contentUrl\":\"https:\/\/armet.lv\/wp-content\/uploads\/2025\/02\/Asset-2.svg\",\"width\":552,\"height\":268,\"caption\":\"Armet\"},\"image\":{\"@id\":\"https:\/\/armet.lv\/en\/#\/schema\/logo\/image\/\"}}]}<\/script>\n<!-- \/ Yoast SEO plugin. -->","yoast_head_json":{"title":"Met\u0101la konstrukciju izgatavo\u0161ana - Armet","description":"Uz\u0146\u0113mums Armet Baltic pied\u0101v\u0101 saviem klientiem met\u0101la konstrukciju izgatavo\u0161ana. Produkcija tiek izgatavota sertific\u0113t\u0101 ra\u017eotn\u0113.","robots":{"index":"index","follow":"follow","max-snippet":"max-snippet:-1","max-image-preview":"max-image-preview:large","max-video-preview":"max-video-preview:-1"},"canonical":"https:\/\/armet.lv\/en\/pakalpojumi\/metalkonstrukcijas\/","og_locale":"en_GB","og_type":"article","og_title":"Met\u0101la konstrukciju izgatavo\u0161ana - Armet","og_description":"Uz\u0146\u0113mums Armet Baltic pied\u0101v\u0101 saviem klientiem met\u0101la konstrukciju izgatavo\u0161ana. Produkcija tiek izgatavota sertific\u0113t\u0101 ra\u017eotn\u0113.","og_url":"https:\/\/armet.lv\/en\/pakalpojumi\/metalkonstrukcijas\/","og_site_name":"Armet","article_modified_time":"2023-05-10T07:06:52+00:00","twitter_card":"summary_large_image","twitter_misc":{"Estimated reading time":"2 minutes"},"schema":{"@context":"https:\/\/schema.org","@graph":[{"@type":"WebPage","@id":"https:\/\/armet.lv\/pakalpojumi\/metalkonstrukcijas\/","url":"https:\/\/armet.lv\/pakalpojumi\/metalkonstrukcijas\/","name":"Met\u0101la konstrukciju izgatavo\u0161ana - Armet","isPartOf":{"@id":"https:\/\/armet.lv\/en\/#website"},"datePublished":"2022-05-21T10:26:04+00:00","dateModified":"2023-05-10T07:06:52+00:00","description":"Uz\u0146\u0113mums Armet Baltic pied\u0101v\u0101 saviem klientiem met\u0101la konstrukciju izgatavo\u0161ana. Produkcija tiek izgatavota sertific\u0113t\u0101 ra\u017eotn\u0113.","breadcrumb":{"@id":"https:\/\/armet.lv\/pakalpojumi\/metalkonstrukcijas\/#breadcrumb"},"inLanguage":"en-GB","potentialAction":[{"@type":"ReadAction","target":["https:\/\/armet.lv\/pakalpojumi\/metalkonstrukcijas\/"]}]},{"@type":"BreadcrumbList","@id":"https:\/\/armet.lv\/pakalpojumi\/metalkonstrukcijas\/#breadcrumb","itemListElement":[{"@type":"ListItem","position":1,"name":"Home","item":"https:\/\/armet.lv\/"},{"@type":"ListItem","position":2,"name":"Pakalpojumi","item":"https:\/\/armet.lv\/pakalpojumi\/"},{"@type":"ListItem","position":3,"name":"Met\u0101la konstrukciju izgatavo\u0161ana"}]},{"@type":"WebSite","@id":"https:\/\/armet.lv\/en\/#website","url":"https:\/\/armet.lv\/en\/","name":"Armet","description":"","publisher":{"@id":"https:\/\/armet.lv\/en\/#organization"},"potentialAction":[{"@type":"SearchAction","target":{"@type":"EntryPoint","urlTemplate":"https:\/\/armet.lv\/en\/?s={search_term_string}"},"query-input":{"@type":"PropertyValueSpecification","valueRequired":true,"valueName":"search_term_string"}}],"inLanguage":"en-GB"},{"@type":"Organization","@id":"https:\/\/armet.lv\/en\/#organization","name":"Armet","url":"https:\/\/armet.lv\/en\/","logo":{"@type":"ImageObject","inLanguage":"en-GB","@id":"https:\/\/armet.lv\/en\/#\/schema\/logo\/image\/","url":"https:\/\/armet.lv\/wp-content\/uploads\/2025\/02\/Asset-2.svg","contentUrl":"https:\/\/armet.lv\/wp-content\/uploads\/2025\/02\/Asset-2.svg","width":552,"height":268,"caption":"Armet"},"image":{"@id":"https:\/\/armet.lv\/en\/#\/schema\/logo\/image\/"}}]}},"_links":{"self":[{"href":"https:\/\/armet.lv\/en\/wp-json\/wp\/v2\/pages\/11145","targetHints":{"allow":["GET"]}}],"collection":[{"href":"https:\/\/armet.lv\/en\/wp-json\/wp\/v2\/pages"}],"about":[{"href":"https:\/\/armet.lv\/en\/wp-json\/wp\/v2\/types\/page"}],"author":[{"embeddable":true,"href":"https:\/\/armet.lv\/en\/wp-json\/wp\/v2\/users\/1"}],"replies":[{"embeddable":true,"href":"https:\/\/armet.lv\/en\/wp-json\/wp\/v2\/comments?post=11145"}],"version-history":[{"count":22,"href":"https:\/\/armet.lv\/en\/wp-json\/wp\/v2\/pages\/11145\/revisions"}],"predecessor-version":[{"id":15185,"href":"https:\/\/armet.lv\/en\/wp-json\/wp\/v2\/pages\/11145\/revisions\/15185"}],"up":[{"embeddable":true,"href":"https:\/\/armet.lv\/en\/wp-json\/wp\/v2\/pages\/8645"}],"wp:attachment":[{"href":"https:\/\/armet.lv\/en\/wp-json\/wp\/v2\/media?parent=11145"}],"curies":[{"name":"wp","href":"https:\/\/api.w.org\/{rel}","templated":true}]}}